{"id":1266,"date":"2022-11-25T14:38:14","date_gmt":"2022-11-25T12:38:14","guid":{"rendered":"https:\/\/solutii-securitate-civila.ro\/servicii\/"},"modified":"2023-06-30T00:28:06","modified_gmt":"2023-06-29T21:28:06","slug":"servicii","status":"publish","type":"page","link":"https:\/\/solutii-securitate-civila.ro\/en\/servicii\/","title":{"rendered":"Servicii"},"content":{"rendered":"<section class=\"l-section wpb_row height_small\"><div class=\"l-section-h i-cf\"><div class=\"g-cols vc_row via_flex valign_top type_default stacking_default\"><div class=\"vc_col-sm-2 vc_col-lg-2 vc_col-md-3 vc_col-xs-4 wpb_column vc_column_container\"><div class=\"vc_column-inner\"><div class=\"wpb_wrapper\"><div class=\"w-image align_none\"><div class=\"w-image-h\"><img loading=\"lazy\" decoding=\"async\" width=\"500\" height=\"500\" src=\"https:\/\/solutii-securitate-civila.ro\/wp-content\/uploads\/2023\/04\/icon-proiectare.jpg\" class=\"attachment-full size-full\" alt=\"\" srcset=\"https:\/\/solutii-securitate-civila.ro\/wp-content\/uploads\/2023\/04\/icon-proiectare.jpg 500w, https:\/\/solutii-securitate-civila.ro\/wp-content\/uploads\/2023\/04\/icon-proiectare-300x300.jpg 300w, https:\/\/solutii-securitate-civila.ro\/wp-content\/uploads\/2023\/04\/icon-proiectare-150x150.jpg 150w\" sizes=\"auto, (max-width: 500px) 100vw, 500px\" \/><\/div><\/div><\/div><\/div><\/div><div class=\"vc_col-sm-10 vc_col-lg-10 vc_col-md-9 vc_col-xs-8 wpb_column vc_column_container\"><div class=\"vc_column-inner\"><div class=\"wpb_wrapper\"><div class=\"wpb_text_column\"><div class=\"wpb_wrapper\"><h3>Proiectare ad\u0103posturi<\/h3>\n<p>Echipa Solu\u021bii Securitate Civil\u0103 (SSC) va realiza proiectul pornind de la dorin\u021bele \u0219i bugetul dumneavoastr\u0103. Ad\u0103posturile de securitate pot varia de la bunc\u0103re mici p\u00e2n\u0103 la sisteme camerale complexe care pot acomoda sute de persoane.<\/p>\n<\/div><\/div><\/div><\/div><\/div><\/div><\/div><\/section><section class=\"l-section wpb_row height_small\"><div class=\"l-section-h i-cf\"><div class=\"g-cols vc_row via_flex valign_top type_default stacking_default\"><div class=\"vc_col-sm-2 vc_col-lg-2 vc_col-md-3 vc_col-xs-4 wpb_column vc_column_container\"><div class=\"vc_column-inner\"><div class=\"wpb_wrapper\"><div class=\"w-image align_none\"><div class=\"w-image-h\"><img loading=\"lazy\" decoding=\"async\" width=\"500\" height=\"500\" src=\"https:\/\/solutii-securitate-civila.ro\/wp-content\/uploads\/2023\/04\/icon-contruire.jpg\" class=\"attachment-full size-full\" alt=\"\" srcset=\"https:\/\/solutii-securitate-civila.ro\/wp-content\/uploads\/2023\/04\/icon-contruire.jpg 500w, https:\/\/solutii-securitate-civila.ro\/wp-content\/uploads\/2023\/04\/icon-contruire-300x300.jpg 300w, https:\/\/solutii-securitate-civila.ro\/wp-content\/uploads\/2023\/04\/icon-contruire-150x150.jpg 150w\" sizes=\"auto, (max-width: 500px) 100vw, 500px\" \/><\/div><\/div><\/div><\/div><\/div><div class=\"vc_col-sm-10 vc_col-lg-10 vc_col-md-9 vc_col-xs-8 wpb_column vc_column_container\"><div class=\"vc_column-inner\"><div class=\"wpb_wrapper\"><div class=\"wpb_text_column\"><div class=\"wpb_wrapper\"><h3>Construc\u021bie ad\u0103posturi<\/h3>\n<p>L\u0103sa\u021bi \u00een seama noastr\u0103 construc\u021bia ad\u0103postului pentru a v\u0103 asigura montajul corect al dispozitivelor de securitate \u0219i sistemelor de ventila\u021bie \u0219i filtrare a aerului.<\/p>\n<\/div><\/div><\/div><\/div><\/div><\/div><\/div><\/section><section class=\"l-section wpb_row height_small\"><div class=\"l-section-h i-cf\"><div class=\"g-cols vc_row via_flex valign_top type_default stacking_default\"><div class=\"vc_col-sm-2 vc_col-lg-2 vc_col-md-3 vc_col-xs-4 wpb_column vc_column_container\"><div class=\"vc_column-inner\"><div class=\"wpb_wrapper\"><div class=\"w-image align_none\"><div class=\"w-image-h\"><img loading=\"lazy\" decoding=\"async\" width=\"500\" height=\"500\" src=\"https:\/\/solutii-securitate-civila.ro\/wp-content\/uploads\/2023\/04\/icon-intretinere.jpg\" class=\"attachment-full size-full\" alt=\"\" srcset=\"https:\/\/solutii-securitate-civila.ro\/wp-content\/uploads\/2023\/04\/icon-intretinere.jpg 500w, https:\/\/solutii-securitate-civila.ro\/wp-content\/uploads\/2023\/04\/icon-intretinere-300x300.jpg 300w, https:\/\/solutii-securitate-civila.ro\/wp-content\/uploads\/2023\/04\/icon-intretinere-150x150.jpg 150w\" sizes=\"auto, (max-width: 500px) 100vw, 500px\" \/><\/div><\/div><\/div><\/div><\/div><div class=\"vc_col-sm-10 vc_col-lg-10 vc_col-md-9 vc_col-xs-8 wpb_column vc_column_container\"><div class=\"vc_column-inner\"><div class=\"wpb_wrapper\"><div class=\"wpb_text_column\"><div class=\"wpb_wrapper\"><h3>\u00centre\u021binere<\/h3>\n<p>Ne vom ocupa de mentenan\u021ba echipamentelor instalate precum \u0219i verificarea periodic\u0103 a integrit\u0103\u021bii ad\u0103postului.<\/p>\n<\/div><\/div><\/div><\/div><\/div><\/div><\/div><\/section><section class=\"l-section wpb_row height_small\"><div class=\"l-section-h i-cf\"><div class=\"g-cols vc_row via_flex valign_top type_default stacking_default\"><div class=\"vc_col-sm-2 vc_col-lg-2 vc_col-md-3 vc_col-xs-4 wpb_column vc_column_container\"><div class=\"vc_column-inner\"><div class=\"wpb_wrapper\"><div class=\"w-image align_none\"><div class=\"w-image-h\"><img loading=\"lazy\" decoding=\"async\" width=\"500\" height=\"500\" src=\"https:\/\/solutii-securitate-civila.ro\/wp-content\/uploads\/2023\/04\/icon-supplies.jpg\" class=\"attachment-full size-full\" alt=\"\" srcset=\"https:\/\/solutii-securitate-civila.ro\/wp-content\/uploads\/2023\/04\/icon-supplies.jpg 500w, https:\/\/solutii-securitate-civila.ro\/wp-content\/uploads\/2023\/04\/icon-supplies-300x300.jpg 300w, https:\/\/solutii-securitate-civila.ro\/wp-content\/uploads\/2023\/04\/icon-supplies-150x150.jpg 150w\" sizes=\"auto, (max-width: 500px) 100vw, 500px\" \/><\/div><\/div><\/div><\/div><\/div><div class=\"vc_col-sm-10 vc_col-lg-10 vc_col-md-9 vc_col-xs-8 wpb_column vc_column_container\"><div class=\"vc_column-inner\"><div class=\"wpb_wrapper\"><div class=\"wpb_text_column\"><div class=\"wpb_wrapper\"><h3>Provizii<\/h3>\n<p>V\u0103 pute\u021bi baza pe noi pentru p\u0103strarea unui stoc corespunz\u0103tor de provizii \u00een caz de urgen\u021b\u0103.<\/p>\n<\/div><\/div><\/div><\/div><\/div><\/div><\/div><\/section>\n","protected":false},"excerpt":{"rendered":"Proiectare ad\u0103posturi Echipa Solu\u021bii Securitate Civil\u0103 (SSC) va realiza proiectul pornind de la dorin\u021bele \u0219i bugetul dumneavoastr\u0103. Ad\u0103posturile de securitate pot varia de la bunc\u0103re mici p\u00e2n\u0103 la sisteme camerale complexe care pot acomoda sute de persoane. Construc\u021bie ad\u0103posturi L\u0103sa\u021bi \u00een seama noastr\u0103 construc\u021bia ad\u0103postului pentru a v\u0103 asigura montajul corect al dispozitivelor de securitate...","protected":false},"author":1,"featured_media":0,"parent":0,"menu_order":0,"comment_status":"closed","ping_status":"closed","template":"","meta":{"footnotes":""},"class_list":["post-1266","page","type-page","status-publish","hentry"],"acf":[],"yoast_head":"<!-- This site is optimized with the Yoast SEO plugin v20.6 - https:\/\/yoast.com\/wordpress\/plugins\/seo\/ -->\n<title>Servicii - Solu\u021bii Securitate Civil\u0103<\/title>\n<meta name=\"robots\" content=\"index, follow, max-snippet:-1, max-image-preview:large, max-video-preview:-1\" \/>\n<link rel=\"canonical\" href=\"https:\/\/solutii-securitate-civila.ro\/en\/servicii\/\" \/>\n<meta property=\"og:locale\" content=\"en_US\" \/>\n<meta property=\"og:type\" content=\"article\" \/>\n<meta property=\"og:title\" content=\"Servicii - Solu\u021bii Securitate Civil\u0103\" \/>\n<meta property=\"og:url\" content=\"https:\/\/solutii-securitate-civila.ro\/en\/servicii\/\" \/>\n<meta property=\"og:site_name\" content=\"Solu\u021bii Securitate Civil\u0103\" \/>\n<meta property=\"article:modified_time\" content=\"2023-06-29T21:28:06+00:00\" \/>\n<meta name=\"twitter:card\" content=\"summary_large_image\" \/>\n<meta name=\"twitter:label1\" content=\"Est. reading time\" \/>\n\t<meta name=\"twitter:data1\" content=\"1 minute\" \/>\n<script type=\"application\/ld+json\" class=\"yoast-schema-graph\">{\"@context\":\"https:\/\/schema.org\",\"@graph\":[{\"@type\":\"WebPage\",\"@id\":\"https:\/\/solutii-securitate-civila.ro\/en\/servicii\/\",\"url\":\"https:\/\/solutii-securitate-civila.ro\/en\/servicii\/\",\"name\":\"Servicii - Solu\u021bii Securitate Civil\u0103\",\"isPartOf\":{\"@id\":\"https:\/\/solutii-securitate-civila.ro\/#website\"},\"datePublished\":\"2022-11-25T12:38:14+00:00\",\"dateModified\":\"2023-06-29T21:28:06+00:00\",\"breadcrumb\":{\"@id\":\"https:\/\/solutii-securitate-civila.ro\/en\/servicii\/#breadcrumb\"},\"inLanguage\":\"en-US\",\"potentialAction\":[{\"@type\":\"ReadAction\",\"target\":[\"https:\/\/solutii-securitate-civila.ro\/en\/servicii\/\"]}]},{\"@type\":\"BreadcrumbList\",\"@id\":\"https:\/\/solutii-securitate-civila.ro\/en\/servicii\/#breadcrumb\",\"itemListElement\":[{\"@type\":\"ListItem\",\"position\":1,\"name\":\"Prima pagin\u0103\",\"item\":\"https:\/\/solutii-securitate-civila.ro\/en\/solutii-securitate-civila\/\"},{\"@type\":\"ListItem\",\"position\":2,\"name\":\"Servicii\"}]},{\"@type\":\"WebSite\",\"@id\":\"https:\/\/solutii-securitate-civila.ro\/#website\",\"url\":\"https:\/\/solutii-securitate-civila.ro\/\",\"name\":\"Solu\u021bii Securitate Civil\u0103\",\"description\":\"\",\"publisher\":{\"@id\":\"https:\/\/solutii-securitate-civila.ro\/#organization\"},\"potentialAction\":[{\"@type\":\"SearchAction\",\"target\":{\"@type\":\"EntryPoint\",\"urlTemplate\":\"https:\/\/solutii-securitate-civila.ro\/?s={search_term_string}\"},\"query-input\":\"required name=search_term_string\"}],\"inLanguage\":\"en-US\"},{\"@type\":\"Organization\",\"@id\":\"https:\/\/solutii-securitate-civila.ro\/#organization\",\"name\":\"Solu\u021bii Securitate Civil\u0103\",\"url\":\"https:\/\/solutii-securitate-civila.ro\/\",\"logo\":{\"@type\":\"ImageObject\",\"inLanguage\":\"en-US\",\"@id\":\"https:\/\/solutii-securitate-civila.ro\/#\/schema\/logo\/image\/\",\"url\":\"https:\/\/solutii-securitate-civila.ro\/wp-content\/uploads\/2023\/04\/logo-ssc.svg\",\"contentUrl\":\"https:\/\/solutii-securitate-civila.ro\/wp-content\/uploads\/2023\/04\/logo-ssc.svg\",\"width\":\"1024\",\"height\":\"1024\",\"caption\":\"Solu\u021bii Securitate Civil\u0103\"},\"image\":{\"@id\":\"https:\/\/solutii-securitate-civila.ro\/#\/schema\/logo\/image\/\"}}]}<\/script>\n<!-- \/ Yoast SEO plugin. -->","yoast_head_json":{"title":"Servicii - Solu\u021bii Securitate Civil\u0103","robots":{"index":"index","follow":"follow","max-snippet":"max-snippet:-1","max-image-preview":"max-image-preview:large","max-video-preview":"max-video-preview:-1"},"canonical":"https:\/\/solutii-securitate-civila.ro\/en\/servicii\/","og_locale":"en_US","og_type":"article","og_title":"Servicii - Solu\u021bii Securitate Civil\u0103","og_url":"https:\/\/solutii-securitate-civila.ro\/en\/servicii\/","og_site_name":"Solu\u021bii Securitate Civil\u0103","article_modified_time":"2023-06-29T21:28:06+00:00","twitter_card":"summary_large_image","twitter_misc":{"Est. reading time":"1 minute"},"schema":{"@context":"https:\/\/schema.org","@graph":[{"@type":"WebPage","@id":"https:\/\/solutii-securitate-civila.ro\/en\/servicii\/","url":"https:\/\/solutii-securitate-civila.ro\/en\/servicii\/","name":"Servicii - Solu\u021bii Securitate Civil\u0103","isPartOf":{"@id":"https:\/\/solutii-securitate-civila.ro\/#website"},"datePublished":"2022-11-25T12:38:14+00:00","dateModified":"2023-06-29T21:28:06+00:00","breadcrumb":{"@id":"https:\/\/solutii-securitate-civila.ro\/en\/servicii\/#breadcrumb"},"inLanguage":"en-US","potentialAction":[{"@type":"ReadAction","target":["https:\/\/solutii-securitate-civila.ro\/en\/servicii\/"]}]},{"@type":"BreadcrumbList","@id":"https:\/\/solutii-securitate-civila.ro\/en\/servicii\/#breadcrumb","itemListElement":[{"@type":"ListItem","position":1,"name":"Prima pagin\u0103","item":"https:\/\/solutii-securitate-civila.ro\/en\/solutii-securitate-civila\/"},{"@type":"ListItem","position":2,"name":"Servicii"}]},{"@type":"WebSite","@id":"https:\/\/solutii-securitate-civila.ro\/#website","url":"https:\/\/solutii-securitate-civila.ro\/","name":"Solu\u021bii Securitate Civil\u0103","description":"","publisher":{"@id":"https:\/\/solutii-securitate-civila.ro\/#organization"},"potentialAction":[{"@type":"SearchAction","target":{"@type":"EntryPoint","urlTemplate":"https:\/\/solutii-securitate-civila.ro\/?s={search_term_string}"},"query-input":"required name=search_term_string"}],"inLanguage":"en-US"},{"@type":"Organization","@id":"https:\/\/solutii-securitate-civila.ro\/#organization","name":"Solu\u021bii Securitate Civil\u0103","url":"https:\/\/solutii-securitate-civila.ro\/","logo":{"@type":"ImageObject","inLanguage":"en-US","@id":"https:\/\/solutii-securitate-civila.ro\/#\/schema\/logo\/image\/","url":"https:\/\/solutii-securitate-civila.ro\/wp-content\/uploads\/2023\/04\/logo-ssc.svg","contentUrl":"https:\/\/solutii-securitate-civila.ro\/wp-content\/uploads\/2023\/04\/logo-ssc.svg","width":"1024","height":"1024","caption":"Solu\u021bii Securitate Civil\u0103"},"image":{"@id":"https:\/\/solutii-securitate-civila.ro\/#\/schema\/logo\/image\/"}}]}},"_links":{"self":[{"href":"https:\/\/solutii-securitate-civila.ro\/en\/wp-json\/wp\/v2\/pages\/1266","targetHints":{"allow":["GET"]}}],"collection":[{"href":"https:\/\/solutii-securitate-civila.ro\/en\/wp-json\/wp\/v2\/pages"}],"about":[{"href":"https:\/\/solutii-securitate-civila.ro\/en\/wp-json\/wp\/v2\/types\/page"}],"author":[{"embeddable":true,"href":"https:\/\/solutii-securitate-civila.ro\/en\/wp-json\/wp\/v2\/users\/1"}],"replies":[{"embeddable":true,"href":"https:\/\/solutii-securitate-civila.ro\/en\/wp-json\/wp\/v2\/comments?post=1266"}],"version-history":[{"count":5,"href":"https:\/\/solutii-securitate-civila.ro\/en\/wp-json\/wp\/v2\/pages\/1266\/revisions"}],"predecessor-version":[{"id":1271,"href":"https:\/\/solutii-securitate-civila.ro\/en\/wp-json\/wp\/v2\/pages\/1266\/revisions\/1271"}],"wp:attachment":[{"href":"https:\/\/solutii-securitate-civila.ro\/en\/wp-json\/wp\/v2\/media?parent=1266"}],"curies":[{"name":"wp","href":"https:\/\/api.w.org\/{rel}","templated":true}]}}