{"id":1257,"date":"2023-04-23T17:28:53","date_gmt":"2023-04-23T14:28:53","guid":{"rendered":"https:\/\/solutii-securitate-civila.ro\/produse\/paturi-supraetajate\/"},"modified":"2023-06-30T00:27:29","modified_gmt":"2023-06-29T21:27:29","slug":"paturi-supraetajate","status":"publish","type":"page","link":"https:\/\/solutii-securitate-civila.ro\/en\/produse\/paturi-supraetajate\/","title":{"rendered":"Paturi supraetajate"},"content":{"rendered":"<section class=\"l-section wpb_row height_small\"><div class=\"l-section-h i-cf\"><div class=\"g-cols vc_row via_flex valign_top type_default stacking_default\"><div class=\"vc_col-sm-6 wpb_column vc_column_container\"><div class=\"vc_column-inner\"><div class=\"wpb_wrapper\"><div class=\"wpb_text_column\"><div class=\"wpb_wrapper\"><p>Sistemul de paturi pe trei niveluri este disponibil cu o saltea robust\u0103 \u00eenclinat\u0103 \u0219i ofer\u0103 avantaje la depozitare: toate componentele fiind depozitate \u00eentr-o singur\u0103 cutie de carton (1950mm x 230mm x 105mm). Cutia ocup\u0103, astfel, foarte pu\u021bin spa\u021biu din ad\u0103post.<\/p>\n<p>Cadrul este realizat din profile din o\u021bel foarte solide, u\u0219or de asamblat, omologate pentru utilizare \u00een ad\u0103posturi conform TWP 84 (ad\u0103posturi pentru p\u00e2n\u0103 la 200 de persoane).<\/p>\n<p>Fabricat din plas\u0103 rezistent\u0103, \u0219ezutul este confortabil \u0219i asigur\u0103 o circula\u021bie optim\u0103 a aerului. De asemenea, este ignifug.<\/p>\n<h3>Date tehnice<\/h3>\n<ul>\n<li>Material cadru: o\u021bel galvanizat<\/li>\n<li>Material saltea: \u021bes\u0103tur\u0103 plas\u0103<\/li>\n<li>Dimensiuni: (L x W x H): 1900 x 700 x 1700 mm<\/li>\n<li>Greutate: 35 kg<\/li>\n<li>Avizat: BZS Nr. 95-007<\/li>\n<\/ul>\n<\/div><\/div><\/div><\/div><\/div><div class=\"vc_col-sm-6 wpb_column vc_column_container\"><div class=\"vc_column-inner\"><div class=\"wpb_wrapper\"><div class=\"w-image align_none\"><div class=\"w-image-h\"><img loading=\"lazy\" decoding=\"async\" width=\"919\" height=\"615\" src=\"https:\/\/solutii-securitate-civila.ro\/wp-content\/uploads\/2023\/04\/Liegestellen.webp\" class=\"attachment-full size-full\" alt=\"\" srcset=\"https:\/\/solutii-securitate-civila.ro\/wp-content\/uploads\/2023\/04\/Liegestellen.webp 919w, https:\/\/solutii-securitate-civila.ro\/wp-content\/uploads\/2023\/04\/Liegestellen-300x201.webp 300w\" sizes=\"auto, (max-width: 919px) 100vw, 919px\" \/><\/div><\/div><\/div><\/div><\/div><\/div><\/div><\/section>\n","protected":false},"excerpt":{"rendered":"Sistemul de paturi pe trei niveluri este disponibil cu o saltea robust\u0103 \u00eenclinat\u0103 \u0219i ofer\u0103 avantaje la depozitare: toate componentele fiind depozitate \u00eentr-o singur\u0103 cutie de carton (1950mm x 230mm x 105mm). Cutia ocup\u0103, astfel, foarte pu\u021bin spa\u021biu din ad\u0103post. Cadrul este realizat din profile din o\u021bel foarte solide, u\u0219or de asamblat, omologate pentru utilizare...","protected":false},"author":1,"featured_media":1177,"parent":1242,"menu_order":5,"comment_status":"closed","ping_status":"closed","template":"","meta":{"footnotes":""},"class_list":["post-1257","page","type-page","status-publish","has-post-thumbnail","hentry"],"acf":[],"yoast_head":"<!-- This site is optimized with the Yoast SEO plugin v20.6 - https:\/\/yoast.com\/wordpress\/plugins\/seo\/ -->\n<title>Paturi supraetajate - Solu\u021bii Securitate Civil\u0103<\/title>\n<meta name=\"robots\" content=\"index, follow, max-snippet:-1, max-image-preview:large, max-video-preview:-1\" \/>\n<link rel=\"canonical\" href=\"https:\/\/solutii-securitate-civila.ro\/en\/produse\/paturi-supraetajate\/\" \/>\n<meta property=\"og:locale\" content=\"en_US\" \/>\n<meta property=\"og:type\" content=\"article\" \/>\n<meta property=\"og:title\" content=\"Paturi supraetajate - Solu\u021bii Securitate Civil\u0103\" \/>\n<meta property=\"og:url\" content=\"https:\/\/solutii-securitate-civila.ro\/en\/produse\/paturi-supraetajate\/\" \/>\n<meta property=\"og:site_name\" content=\"Solu\u021bii Securitate Civil\u0103\" \/>\n<meta property=\"article:modified_time\" content=\"2023-06-29T21:27:29+00:00\" \/>\n<meta property=\"og:image\" content=\"https:\/\/solutii-securitate-civila.ro\/wp-content\/uploads\/2023\/04\/bunk-beds.jpg\" \/>\n\t<meta property=\"og:image:width\" content=\"800\" \/>\n\t<meta property=\"og:image:height\" content=\"800\" \/>\n\t<meta property=\"og:image:type\" content=\"image\/jpeg\" \/>\n<meta name=\"twitter:card\" content=\"summary_large_image\" \/>\n<meta name=\"twitter:label1\" content=\"Est. reading time\" \/>\n\t<meta name=\"twitter:data1\" content=\"1 minute\" \/>\n<script type=\"application\/ld+json\" class=\"yoast-schema-graph\">{\"@context\":\"https:\/\/schema.org\",\"@graph\":[{\"@type\":\"WebPage\",\"@id\":\"https:\/\/solutii-securitate-civila.ro\/en\/produse\/paturi-supraetajate\/\",\"url\":\"https:\/\/solutii-securitate-civila.ro\/en\/produse\/paturi-supraetajate\/\",\"name\":\"Paturi supraetajate - Solu\u021bii Securitate Civil\u0103\",\"isPartOf\":{\"@id\":\"https:\/\/solutii-securitate-civila.ro\/#website\"},\"datePublished\":\"2023-04-23T14:28:53+00:00\",\"dateModified\":\"2023-06-29T21:27:29+00:00\",\"breadcrumb\":{\"@id\":\"https:\/\/solutii-securitate-civila.ro\/en\/produse\/paturi-supraetajate\/#breadcrumb\"},\"inLanguage\":\"en-US\",\"potentialAction\":[{\"@type\":\"ReadAction\",\"target\":[\"https:\/\/solutii-securitate-civila.ro\/en\/produse\/paturi-supraetajate\/\"]}]},{\"@type\":\"BreadcrumbList\",\"@id\":\"https:\/\/solutii-securitate-civila.ro\/en\/produse\/paturi-supraetajate\/#breadcrumb\",\"itemListElement\":[{\"@type\":\"ListItem\",\"position\":1,\"name\":\"Prima pagin\u0103\",\"item\":\"https:\/\/solutii-securitate-civila.ro\/en\/solutii-securitate-civila\/\"},{\"@type\":\"ListItem\",\"position\":2,\"name\":\"Produse\",\"item\":\"https:\/\/solutii-securitate-civila.ro\/en\/produse\/\"},{\"@type\":\"ListItem\",\"position\":3,\"name\":\"Paturi supraetajate\"}]},{\"@type\":\"WebSite\",\"@id\":\"https:\/\/solutii-securitate-civila.ro\/#website\",\"url\":\"https:\/\/solutii-securitate-civila.ro\/\",\"name\":\"Solu\u021bii Securitate Civil\u0103\",\"description\":\"\",\"publisher\":{\"@id\":\"https:\/\/solutii-securitate-civila.ro\/#organization\"},\"potentialAction\":[{\"@type\":\"SearchAction\",\"target\":{\"@type\":\"EntryPoint\",\"urlTemplate\":\"https:\/\/solutii-securitate-civila.ro\/?s={search_term_string}\"},\"query-input\":\"required name=search_term_string\"}],\"inLanguage\":\"en-US\"},{\"@type\":\"Organization\",\"@id\":\"https:\/\/solutii-securitate-civila.ro\/#organization\",\"name\":\"Solu\u021bii Securitate Civil\u0103\",\"url\":\"https:\/\/solutii-securitate-civila.ro\/\",\"logo\":{\"@type\":\"ImageObject\",\"inLanguage\":\"en-US\",\"@id\":\"https:\/\/solutii-securitate-civila.ro\/#\/schema\/logo\/image\/\",\"url\":\"https:\/\/solutii-securitate-civila.ro\/wp-content\/uploads\/2023\/04\/logo-ssc.svg\",\"contentUrl\":\"https:\/\/solutii-securitate-civila.ro\/wp-content\/uploads\/2023\/04\/logo-ssc.svg\",\"width\":\"1024\",\"height\":\"1024\",\"caption\":\"Solu\u021bii Securitate Civil\u0103\"},\"image\":{\"@id\":\"https:\/\/solutii-securitate-civila.ro\/#\/schema\/logo\/image\/\"}}]}<\/script>\n<!-- \/ Yoast SEO plugin. -->","yoast_head_json":{"title":"Paturi supraetajate - Solu\u021bii Securitate Civil\u0103","robots":{"index":"index","follow":"follow","max-snippet":"max-snippet:-1","max-image-preview":"max-image-preview:large","max-video-preview":"max-video-preview:-1"},"canonical":"https:\/\/solutii-securitate-civila.ro\/en\/produse\/paturi-supraetajate\/","og_locale":"en_US","og_type":"article","og_title":"Paturi supraetajate - Solu\u021bii Securitate Civil\u0103","og_url":"https:\/\/solutii-securitate-civila.ro\/en\/produse\/paturi-supraetajate\/","og_site_name":"Solu\u021bii Securitate Civil\u0103","article_modified_time":"2023-06-29T21:27:29+00:00","og_image":[{"width":800,"height":800,"url":"https:\/\/solutii-securitate-civila.ro\/wp-content\/uploads\/2023\/04\/bunk-beds.jpg","type":"image\/jpeg"}],"twitter_card":"summary_large_image","twitter_misc":{"Est. reading time":"1 minute"},"schema":{"@context":"https:\/\/schema.org","@graph":[{"@type":"WebPage","@id":"https:\/\/solutii-securitate-civila.ro\/en\/produse\/paturi-supraetajate\/","url":"https:\/\/solutii-securitate-civila.ro\/en\/produse\/paturi-supraetajate\/","name":"Paturi supraetajate - Solu\u021bii Securitate Civil\u0103","isPartOf":{"@id":"https:\/\/solutii-securitate-civila.ro\/#website"},"datePublished":"2023-04-23T14:28:53+00:00","dateModified":"2023-06-29T21:27:29+00:00","breadcrumb":{"@id":"https:\/\/solutii-securitate-civila.ro\/en\/produse\/paturi-supraetajate\/#breadcrumb"},"inLanguage":"en-US","potentialAction":[{"@type":"ReadAction","target":["https:\/\/solutii-securitate-civila.ro\/en\/produse\/paturi-supraetajate\/"]}]},{"@type":"BreadcrumbList","@id":"https:\/\/solutii-securitate-civila.ro\/en\/produse\/paturi-supraetajate\/#breadcrumb","itemListElement":[{"@type":"ListItem","position":1,"name":"Prima pagin\u0103","item":"https:\/\/solutii-securitate-civila.ro\/en\/solutii-securitate-civila\/"},{"@type":"ListItem","position":2,"name":"Produse","item":"https:\/\/solutii-securitate-civila.ro\/en\/produse\/"},{"@type":"ListItem","position":3,"name":"Paturi supraetajate"}]},{"@type":"WebSite","@id":"https:\/\/solutii-securitate-civila.ro\/#website","url":"https:\/\/solutii-securitate-civila.ro\/","name":"Solu\u021bii Securitate Civil\u0103","description":"","publisher":{"@id":"https:\/\/solutii-securitate-civila.ro\/#organization"},"potentialAction":[{"@type":"SearchAction","target":{"@type":"EntryPoint","urlTemplate":"https:\/\/solutii-securitate-civila.ro\/?s={search_term_string}"},"query-input":"required name=search_term_string"}],"inLanguage":"en-US"},{"@type":"Organization","@id":"https:\/\/solutii-securitate-civila.ro\/#organization","name":"Solu\u021bii Securitate Civil\u0103","url":"https:\/\/solutii-securitate-civila.ro\/","logo":{"@type":"ImageObject","inLanguage":"en-US","@id":"https:\/\/solutii-securitate-civila.ro\/#\/schema\/logo\/image\/","url":"https:\/\/solutii-securitate-civila.ro\/wp-content\/uploads\/2023\/04\/logo-ssc.svg","contentUrl":"https:\/\/solutii-securitate-civila.ro\/wp-content\/uploads\/2023\/04\/logo-ssc.svg","width":"1024","height":"1024","caption":"Solu\u021bii Securitate Civil\u0103"},"image":{"@id":"https:\/\/solutii-securitate-civila.ro\/#\/schema\/logo\/image\/"}}]}},"_links":{"self":[{"href":"https:\/\/solutii-securitate-civila.ro\/en\/wp-json\/wp\/v2\/pages\/1257","targetHints":{"allow":["GET"]}}],"collection":[{"href":"https:\/\/solutii-securitate-civila.ro\/en\/wp-json\/wp\/v2\/pages"}],"about":[{"href":"https:\/\/solutii-securitate-civila.ro\/en\/wp-json\/wp\/v2\/types\/page"}],"author":[{"embeddable":true,"href":"https:\/\/solutii-securitate-civila.ro\/en\/wp-json\/wp\/v2\/users\/1"}],"replies":[{"embeddable":true,"href":"https:\/\/solutii-securitate-civila.ro\/en\/wp-json\/wp\/v2\/comments?post=1257"}],"version-history":[{"count":2,"href":"https:\/\/solutii-securitate-civila.ro\/en\/wp-json\/wp\/v2\/pages\/1257\/revisions"}],"predecessor-version":[{"id":1259,"href":"https:\/\/solutii-securitate-civila.ro\/en\/wp-json\/wp\/v2\/pages\/1257\/revisions\/1259"}],"up":[{"embeddable":true,"href":"https:\/\/solutii-securitate-civila.ro\/en\/wp-json\/wp\/v2\/pages\/1242"}],"wp:featuredmedia":[{"embeddable":true,"href":"https:\/\/solutii-securitate-civila.ro\/en\/wp-json\/wp\/v2\/media\/1177"}],"wp:attachment":[{"href":"https:\/\/solutii-securitate-civila.ro\/en\/wp-json\/wp\/v2\/media?parent=1257"}],"curies":[{"name":"wp","href":"https:\/\/api.w.org\/{rel}","templated":true}]}}