{"id":1255,"date":"2023-04-23T17:17:13","date_gmt":"2023-04-23T14:17:13","guid":{"rendered":"https:\/\/solutii-securitate-civila.ro\/produse\/vase-de-toaleta-uscate\/"},"modified":"2023-06-30T00:27:16","modified_gmt":"2023-06-29T21:27:16","slug":"vase-de-toaleta-uscate","status":"publish","type":"page","link":"https:\/\/solutii-securitate-civila.ro\/en\/produse\/vase-de-toaleta-uscate\/","title":{"rendered":"Vase de toalet\u0103 uscate"},"content":{"rendered":"<section class=\"l-section wpb_row height_small\"><div class=\"l-section-h i-cf\"><div class=\"g-cols vc_row via_flex valign_top type_default stacking_default\"><div class=\"vc_col-sm-6 wpb_column vc_column_container\"><div class=\"vc_column-inner\"><div class=\"wpb_wrapper\"><div class=\"wpb_text_column\"><div class=\"wpb_wrapper\"><p>Sistemul de toalet\u0103 uscat\u0103 pe care \u00eel comercializ\u0103m const\u0103 \u00eentr-o toalet\u0103 \u0219i un rezervor de depozitare a de\u0219eurilor. La baza sistemului sunt g\u0103le\u021bile din plastic stivuibile, cu capace \u00eenchise etan\u0219. Aceste elemente sunt folosite pentru asamblarea at\u00e2t a vasului de toalet\u0103 c\u00e2t \u0219i a rezervorului pentru depozitarea de\u0219eurilor. Solu\u021bia nu necesit\u0103 ap\u0103 sau alte substan\u021be chimice.<\/p>\n<\/div><\/div><\/div><\/div><\/div><div class=\"vc_col-sm-6 wpb_column vc_column_container\"><div class=\"vc_column-inner\"><div class=\"wpb_wrapper\"><div class=\"w-image align_none\"><div class=\"w-image-h\"><img loading=\"lazy\" decoding=\"async\" width=\"545\" height=\"266\" src=\"https:\/\/solutii-securitate-civila.ro\/wp-content\/uploads\/2023\/04\/sistem-toaleta-uscata.webp\" class=\"attachment-full size-full\" alt=\"\" srcset=\"https:\/\/solutii-securitate-civila.ro\/wp-content\/uploads\/2023\/04\/sistem-toaleta-uscata.webp 545w, https:\/\/solutii-securitate-civila.ro\/wp-content\/uploads\/2023\/04\/sistem-toaleta-uscata-300x146.webp 300w\" sizes=\"auto, (max-width: 545px) 100vw, 545px\" \/><\/div><\/div><\/div><\/div><\/div><\/div><\/div><\/section><section class=\"l-section wpb_row height_small\"><div class=\"l-section-h i-cf\"><div class=\"g-cols vc_row via_flex valign_middle type_default stacking_default\"><div class=\"vc_col-sm-6 wpb_column vc_column_container\"><div class=\"vc_column-inner\"><div class=\"wpb_wrapper\"><div class=\"w-image align_none\"><a href=\"https:\/\/solutii-securitate-civila.ro\/wp-content\/uploads\/2023\/04\/sistem-toaleta-uscata-2.webp\" ref=\"magnificPopup\" aria-label=\"Link\" class=\"w-image-h\"><img loading=\"lazy\" decoding=\"async\" width=\"1023\" height=\"768\" src=\"https:\/\/solutii-securitate-civila.ro\/wp-content\/uploads\/2023\/04\/sistem-toaleta-uscata-2.webp\" class=\"attachment-full size-full\" alt=\"\" srcset=\"https:\/\/solutii-securitate-civila.ro\/wp-content\/uploads\/2023\/04\/sistem-toaleta-uscata-2.webp 1023w, https:\/\/solutii-securitate-civila.ro\/wp-content\/uploads\/2023\/04\/sistem-toaleta-uscata-2-300x225.webp 300w\" sizes=\"auto, (max-width: 1023px) 100vw, 1023px\" \/><\/a><\/div><\/div><\/div><\/div><div class=\"vc_col-sm-6 wpb_column vc_column_container\"><div class=\"vc_column-inner\"><div class=\"wpb_wrapper\"><div class=\"wpb_text_column\"><div class=\"wpb_wrapper\"><p>Sistemul este extrem de simplu, prin urmare, optim pentru situa\u021biile de urgen\u021b\u0103: o pung\u0103 de fecale este plasat\u0103 \u00een interior \u0219i \u00eenchis\u0103 dup\u0103 utilizare. Punga este apoi depozitat\u0103 \u00een g\u0103leat\u0103 de depozit, care este c\u0103ptu\u0219it\u0103 cu o pung\u0103 pentru materii fecale. G\u0103leata pentru fecale este \u00eenchis\u0103 etan\u0219 cu un capac.<\/p>\n<\/div><\/div><\/div><\/div><\/div><\/div><\/div><\/section>\n","protected":false},"excerpt":{"rendered":"Sistemul de toalet\u0103 uscat\u0103 pe care \u00eel comercializ\u0103m const\u0103 \u00eentr-o toalet\u0103 \u0219i un rezervor de depozitare a de\u0219eurilor. La baza sistemului sunt g\u0103le\u021bile din plastic stivuibile, cu capace \u00eenchise etan\u0219. Aceste elemente sunt folosite pentru asamblarea at\u00e2t a vasului de toalet\u0103 c\u00e2t \u0219i a rezervorului pentru depozitarea de\u0219eurilor. Solu\u021bia nu necesit\u0103 ap\u0103 sau alte substan\u021be...","protected":false},"author":1,"featured_media":1176,"parent":1242,"menu_order":4,"comment_status":"closed","ping_status":"closed","template":"","meta":{"footnotes":""},"class_list":["post-1255","page","type-page","status-publish","has-post-thumbnail","hentry"],"acf":[],"yoast_head":"<!-- This site is optimized with the Yoast SEO plugin v20.6 - https:\/\/yoast.com\/wordpress\/plugins\/seo\/ -->\n<title>Vase de toalet\u0103 uscate - Solu\u021bii Securitate Civil\u0103<\/title>\n<meta name=\"robots\" content=\"index, follow, max-snippet:-1, max-image-preview:large, max-video-preview:-1\" \/>\n<link rel=\"canonical\" href=\"https:\/\/solutii-securitate-civila.ro\/en\/produse\/vase-de-toaleta-uscate\/\" \/>\n<meta property=\"og:locale\" content=\"en_US\" \/>\n<meta property=\"og:type\" content=\"article\" \/>\n<meta property=\"og:title\" content=\"Vase de toalet\u0103 uscate - Solu\u021bii Securitate Civil\u0103\" \/>\n<meta property=\"og:url\" content=\"https:\/\/solutii-securitate-civila.ro\/en\/produse\/vase-de-toaleta-uscate\/\" \/>\n<meta property=\"og:site_name\" content=\"Solu\u021bii Securitate Civil\u0103\" \/>\n<meta property=\"article:modified_time\" content=\"2023-06-29T21:27:16+00:00\" \/>\n<meta property=\"og:image\" content=\"https:\/\/solutii-securitate-civila.ro\/wp-content\/uploads\/2023\/04\/toaleta-uscata-cover.jpg\" \/>\n\t<meta property=\"og:image:width\" content=\"800\" \/>\n\t<meta property=\"og:image:height\" content=\"800\" \/>\n\t<meta property=\"og:image:type\" content=\"image\/jpeg\" \/>\n<meta name=\"twitter:card\" content=\"summary_large_image\" \/>\n<meta name=\"twitter:label1\" content=\"Est. reading time\" \/>\n\t<meta name=\"twitter:data1\" content=\"1 minute\" \/>\n<script type=\"application\/ld+json\" class=\"yoast-schema-graph\">{\"@context\":\"https:\/\/schema.org\",\"@graph\":[{\"@type\":\"WebPage\",\"@id\":\"https:\/\/solutii-securitate-civila.ro\/en\/produse\/vase-de-toaleta-uscate\/\",\"url\":\"https:\/\/solutii-securitate-civila.ro\/en\/produse\/vase-de-toaleta-uscate\/\",\"name\":\"Vase de toalet\u0103 uscate - Solu\u021bii Securitate Civil\u0103\",\"isPartOf\":{\"@id\":\"https:\/\/solutii-securitate-civila.ro\/#website\"},\"datePublished\":\"2023-04-23T14:17:13+00:00\",\"dateModified\":\"2023-06-29T21:27:16+00:00\",\"breadcrumb\":{\"@id\":\"https:\/\/solutii-securitate-civila.ro\/en\/produse\/vase-de-toaleta-uscate\/#breadcrumb\"},\"inLanguage\":\"en-US\",\"potentialAction\":[{\"@type\":\"ReadAction\",\"target\":[\"https:\/\/solutii-securitate-civila.ro\/en\/produse\/vase-de-toaleta-uscate\/\"]}]},{\"@type\":\"BreadcrumbList\",\"@id\":\"https:\/\/solutii-securitate-civila.ro\/en\/produse\/vase-de-toaleta-uscate\/#breadcrumb\",\"itemListElement\":[{\"@type\":\"ListItem\",\"position\":1,\"name\":\"Prima pagin\u0103\",\"item\":\"https:\/\/solutii-securitate-civila.ro\/en\/solutii-securitate-civila\/\"},{\"@type\":\"ListItem\",\"position\":2,\"name\":\"Produse\",\"item\":\"https:\/\/solutii-securitate-civila.ro\/en\/produse\/\"},{\"@type\":\"ListItem\",\"position\":3,\"name\":\"Vase de toalet\u0103 uscate\"}]},{\"@type\":\"WebSite\",\"@id\":\"https:\/\/solutii-securitate-civila.ro\/#website\",\"url\":\"https:\/\/solutii-securitate-civila.ro\/\",\"name\":\"Solu\u021bii Securitate Civil\u0103\",\"description\":\"\",\"publisher\":{\"@id\":\"https:\/\/solutii-securitate-civila.ro\/#organization\"},\"potentialAction\":[{\"@type\":\"SearchAction\",\"target\":{\"@type\":\"EntryPoint\",\"urlTemplate\":\"https:\/\/solutii-securitate-civila.ro\/?s={search_term_string}\"},\"query-input\":\"required name=search_term_string\"}],\"inLanguage\":\"en-US\"},{\"@type\":\"Organization\",\"@id\":\"https:\/\/solutii-securitate-civila.ro\/#organization\",\"name\":\"Solu\u021bii Securitate Civil\u0103\",\"url\":\"https:\/\/solutii-securitate-civila.ro\/\",\"logo\":{\"@type\":\"ImageObject\",\"inLanguage\":\"en-US\",\"@id\":\"https:\/\/solutii-securitate-civila.ro\/#\/schema\/logo\/image\/\",\"url\":\"https:\/\/solutii-securitate-civila.ro\/wp-content\/uploads\/2023\/04\/logo-ssc.svg\",\"contentUrl\":\"https:\/\/solutii-securitate-civila.ro\/wp-content\/uploads\/2023\/04\/logo-ssc.svg\",\"width\":\"1024\",\"height\":\"1024\",\"caption\":\"Solu\u021bii Securitate Civil\u0103\"},\"image\":{\"@id\":\"https:\/\/solutii-securitate-civila.ro\/#\/schema\/logo\/image\/\"}}]}<\/script>\n<!-- \/ Yoast SEO plugin. -->","yoast_head_json":{"title":"Vase de toalet\u0103 uscate - Solu\u021bii Securitate Civil\u0103","robots":{"index":"index","follow":"follow","max-snippet":"max-snippet:-1","max-image-preview":"max-image-preview:large","max-video-preview":"max-video-preview:-1"},"canonical":"https:\/\/solutii-securitate-civila.ro\/en\/produse\/vase-de-toaleta-uscate\/","og_locale":"en_US","og_type":"article","og_title":"Vase de toalet\u0103 uscate - Solu\u021bii Securitate Civil\u0103","og_url":"https:\/\/solutii-securitate-civila.ro\/en\/produse\/vase-de-toaleta-uscate\/","og_site_name":"Solu\u021bii Securitate Civil\u0103","article_modified_time":"2023-06-29T21:27:16+00:00","og_image":[{"width":800,"height":800,"url":"https:\/\/solutii-securitate-civila.ro\/wp-content\/uploads\/2023\/04\/toaleta-uscata-cover.jpg","type":"image\/jpeg"}],"twitter_card":"summary_large_image","twitter_misc":{"Est. reading time":"1 minute"},"schema":{"@context":"https:\/\/schema.org","@graph":[{"@type":"WebPage","@id":"https:\/\/solutii-securitate-civila.ro\/en\/produse\/vase-de-toaleta-uscate\/","url":"https:\/\/solutii-securitate-civila.ro\/en\/produse\/vase-de-toaleta-uscate\/","name":"Vase de toalet\u0103 uscate - Solu\u021bii Securitate Civil\u0103","isPartOf":{"@id":"https:\/\/solutii-securitate-civila.ro\/#website"},"datePublished":"2023-04-23T14:17:13+00:00","dateModified":"2023-06-29T21:27:16+00:00","breadcrumb":{"@id":"https:\/\/solutii-securitate-civila.ro\/en\/produse\/vase-de-toaleta-uscate\/#breadcrumb"},"inLanguage":"en-US","potentialAction":[{"@type":"ReadAction","target":["https:\/\/solutii-securitate-civila.ro\/en\/produse\/vase-de-toaleta-uscate\/"]}]},{"@type":"BreadcrumbList","@id":"https:\/\/solutii-securitate-civila.ro\/en\/produse\/vase-de-toaleta-uscate\/#breadcrumb","itemListElement":[{"@type":"ListItem","position":1,"name":"Prima pagin\u0103","item":"https:\/\/solutii-securitate-civila.ro\/en\/solutii-securitate-civila\/"},{"@type":"ListItem","position":2,"name":"Produse","item":"https:\/\/solutii-securitate-civila.ro\/en\/produse\/"},{"@type":"ListItem","position":3,"name":"Vase de toalet\u0103 uscate"}]},{"@type":"WebSite","@id":"https:\/\/solutii-securitate-civila.ro\/#website","url":"https:\/\/solutii-securitate-civila.ro\/","name":"Solu\u021bii Securitate Civil\u0103","description":"","publisher":{"@id":"https:\/\/solutii-securitate-civila.ro\/#organization"},"potentialAction":[{"@type":"SearchAction","target":{"@type":"EntryPoint","urlTemplate":"https:\/\/solutii-securitate-civila.ro\/?s={search_term_string}"},"query-input":"required name=search_term_string"}],"inLanguage":"en-US"},{"@type":"Organization","@id":"https:\/\/solutii-securitate-civila.ro\/#organization","name":"Solu\u021bii Securitate Civil\u0103","url":"https:\/\/solutii-securitate-civila.ro\/","logo":{"@type":"ImageObject","inLanguage":"en-US","@id":"https:\/\/solutii-securitate-civila.ro\/#\/schema\/logo\/image\/","url":"https:\/\/solutii-securitate-civila.ro\/wp-content\/uploads\/2023\/04\/logo-ssc.svg","contentUrl":"https:\/\/solutii-securitate-civila.ro\/wp-content\/uploads\/2023\/04\/logo-ssc.svg","width":"1024","height":"1024","caption":"Solu\u021bii Securitate Civil\u0103"},"image":{"@id":"https:\/\/solutii-securitate-civila.ro\/#\/schema\/logo\/image\/"}}]}},"_links":{"self":[{"href":"https:\/\/solutii-securitate-civila.ro\/en\/wp-json\/wp\/v2\/pages\/1255","targetHints":{"allow":["GET"]}}],"collection":[{"href":"https:\/\/solutii-securitate-civila.ro\/en\/wp-json\/wp\/v2\/pages"}],"about":[{"href":"https:\/\/solutii-securitate-civila.ro\/en\/wp-json\/wp\/v2\/types\/page"}],"author":[{"embeddable":true,"href":"https:\/\/solutii-securitate-civila.ro\/en\/wp-json\/wp\/v2\/users\/1"}],"replies":[{"embeddable":true,"href":"https:\/\/solutii-securitate-civila.ro\/en\/wp-json\/wp\/v2\/comments?post=1255"}],"version-history":[{"count":1,"href":"https:\/\/solutii-securitate-civila.ro\/en\/wp-json\/wp\/v2\/pages\/1255\/revisions"}],"predecessor-version":[{"id":1256,"href":"https:\/\/solutii-securitate-civila.ro\/en\/wp-json\/wp\/v2\/pages\/1255\/revisions\/1256"}],"up":[{"embeddable":true,"href":"https:\/\/solutii-securitate-civila.ro\/en\/wp-json\/wp\/v2\/pages\/1242"}],"wp:featuredmedia":[{"embeddable":true,"href":"https:\/\/solutii-securitate-civila.ro\/en\/wp-json\/wp\/v2\/media\/1176"}],"wp:attachment":[{"href":"https:\/\/solutii-securitate-civila.ro\/en\/wp-json\/wp\/v2\/media?parent=1255"}],"curies":[{"name":"wp","href":"https:\/\/api.w.org\/{rel}","templated":true}]}}