{"id":1248,"date":"2023-04-21T19:40:08","date_gmt":"2023-04-21T16:40:08","guid":{"rendered":"https:\/\/solutii-securitate-civila.ro\/produse\/usi-blindate\/"},"modified":"2023-06-30T00:26:50","modified_gmt":"2023-06-29T21:26:50","slug":"usi-blindate","status":"publish","type":"page","link":"https:\/\/solutii-securitate-civila.ro\/en\/produse\/usi-blindate\/","title":{"rendered":"U\u0219i blindate"},"content":{"rendered":"<section class=\"l-section wpb_row height_small\"><div class=\"l-section-h i-cf\"><div class=\"g-cols vc_row via_flex valign_top type_default stacking_default\"><div class=\"vc_col-sm-12 wpb_column vc_column_container\"><div class=\"vc_column-inner\"><div class=\"wpb_wrapper\"><div class=\"wpb_text_column\"><div class=\"wpb_wrapper\"><p>U\u0219ile blindate \u0219i supapele de siguran\u021b\u0103 sunt ranforsate \u00een acela\u0219i timp cu pere\u021bii, constituind parte integrant\u0103 a anvelopei ad\u0103postului. Acestea asigur\u0103 o protec\u021bie optim\u0103 \u00eempotriva undelor de explozie, radia\u021biilor, valurilor de c\u0103ldur\u0103, fragmentelor dup\u0103 explozii (nucleare \u0219i conven\u021bionale), \u00eempotriva radia\u021biilor radioactive \u0219i a gazelor toxice \u0219i asigur\u0103 c\u0103 intr\u0103rile \u00een ad\u0103posturi \u0219i bunc\u0103re sunt lipsite de puncte slabe.<\/p>\n<\/div><\/div><\/div><\/div><\/div><\/div><\/div><\/section><section class=\"l-section wpb_row height_small\"><div class=\"l-section-h i-cf\"><div class=\"g-cols vc_row via_flex valign_top type_default stacking_default\"><div class=\"vc_col-sm-6 wpb_column vc_column_container\"><div class=\"vc_column-inner\"><div class=\"wpb_wrapper\"><div class=\"wpb_text_column\"><div class=\"wpb_wrapper\"><h4>U\u0219i blindate<\/h4>\n<\/div><\/div><div class=\"w-image us_custom_0f8f44b7 align_none\"><div class=\"w-image-h\"><img loading=\"lazy\" decoding=\"async\" width=\"660\" height=\"340\" src=\"https:\/\/solutii-securitate-civila.ro\/wp-content\/uploads\/2023\/04\/usi-blindate-2.jpg\" class=\"attachment-full size-full\" alt=\"\" srcset=\"https:\/\/solutii-securitate-civila.ro\/wp-content\/uploads\/2023\/04\/usi-blindate-2.jpg 660w, https:\/\/solutii-securitate-civila.ro\/wp-content\/uploads\/2023\/04\/usi-blindate-2-300x155.jpg 300w\" sizes=\"auto, (max-width: 660px) 100vw, 660px\" \/><\/div><\/div><\/div><\/div><\/div><div class=\"vc_col-sm-6 wpb_column vc_column_container\"><div class=\"vc_column-inner\"><div class=\"wpb_wrapper\"><div class=\"wpb_text_column\"><div class=\"wpb_wrapper\"><h4>Capace blindate<\/h4>\n<\/div><\/div><div class=\"w-image us_custom_0f8f44b7 align_none\"><div class=\"w-image-h\"><img loading=\"lazy\" decoding=\"async\" width=\"660\" height=\"280\" src=\"https:\/\/solutii-securitate-civila.ro\/wp-content\/uploads\/2023\/04\/protectii-blindate.jpg\" class=\"attachment-full size-full\" alt=\"\" srcset=\"https:\/\/solutii-securitate-civila.ro\/wp-content\/uploads\/2023\/04\/protectii-blindate.jpg 660w, https:\/\/solutii-securitate-civila.ro\/wp-content\/uploads\/2023\/04\/protectii-blindate-300x127.jpg 300w\" sizes=\"auto, (max-width: 660px) 100vw, 660px\" \/><\/div><\/div><\/div><\/div><\/div><\/div><\/div><\/section><section class=\"l-section wpb_row height_small\"><div class=\"l-section-h i-cf\"><div class=\"g-cols vc_row via_flex valign_top type_default stacking_default\"><div class=\"vc_col-sm-12 wpb_column vc_column_container\"><div class=\"vc_column-inner\"><div class=\"wpb_wrapper\"><div class=\"wpb_text_column us_custom_8d5aa4e2\"><div class=\"wpb_wrapper\"><h4>Produse<\/h4>\n<\/div><\/div><div class=\"w-grid type_masonry layout_977 cols_4 with_isotope\" id=\"us_grid_1\" data-filterable=\"true\"><style>#us_grid_1 .w-grid-item{padding:1.20rem}#us_grid_1 .w-grid-list{margin:-1.20rem}.w-grid + #us_grid_1 .w-grid-list,.w-grid-none + #us_grid_1 .w-grid-list{margin-top:1.20rem}@media (max-width:1199px){#us_grid_1 .w-grid-item{width:33.3333%}}@media (max-width:899px){#us_grid_1 .w-grid-item{width:50%}}@media (max-width:599px){#us_grid_1 .w-grid-list{margin:0}#us_grid_1 .w-grid-item{width:100%;padding:0;margin-bottom:1.20rem}}.layout_977 .w-grid-item-h{}.layout_977 .usg_post_image_1{transition-duration:0.3s;transform-origin:50% 50%;transform:scale(1) translate(0%,0%);opacity:0.9}.layout_977 .w-grid-item-h:hover .usg_post_image_1{transform:scale(1) translate(0%,0%);opacity:1}.layout_977 .usg_vwrapper_1{border-radius:4px!important;padding:15px!important;background:#f0efeb!important}.layout_977 .usg_post_image_1{border-radius:4px!important}.layout_977 .usg_post_title_1{font-size:1rem!important;font-weight:600!important}<\/style><div class=\"w-grid-list\">\t<article class=\"w-grid-item size_1x1 post-954 catalog_produse type-catalog_produse status-publish format-standard has-post-thumbnail hentry categorii-produse-usi-blindate\" data-id=\"954\">\r\n\t\t<div class=\"w-grid-item-h\">\r\n\t\t\t\t\t\t<div class=\"w-vwrapper usg_vwrapper_1 align_none valign_top\"><div class=\"w-post-elm post_image usg_post_image_1 stretched\"><a href=\"https:\/\/solutii-securitate-civila.ro\/en\/catalog_produse\/capac-blindat-pd\/\" aria-label=\"Capac compartiment de protec\u021bie blindat PD\"><img loading=\"lazy\" decoding=\"async\" width=\"1351\" height=\"1158\" src=\"https:\/\/solutii-securitate-civila.ro\/wp-content\/uploads\/2023\/04\/PD_illu.webp\" class=\"attachment-full size-full wp-post-image\" alt=\"\" srcset=\"https:\/\/solutii-securitate-civila.ro\/wp-content\/uploads\/2023\/04\/PD_illu.webp 1351w, https:\/\/solutii-securitate-civila.ro\/wp-content\/uploads\/2023\/04\/PD_illu-300x257.webp 300w, https:\/\/solutii-securitate-civila.ro\/wp-content\/uploads\/2023\/04\/PD_illu-1024x878.webp 1024w\" sizes=\"auto, (max-width: 1351px) 100vw, 1351px\" \/><\/a><\/div><h5 class=\"w-post-elm post_title usg_post_title_1 article_title entry-title color_link_inherit\"><a href=\"https:\/\/solutii-securitate-civila.ro\/en\/catalog_produse\/capac-blindat-pd\/\">Capac compartiment de protec\u021bie blindat PD<\/a><\/h5><\/div>\t\t<\/div>\r\n\t<\/article>\r\n\t<article class=\"w-grid-item size_1x1 post-957 catalog_produse type-catalog_produse status-publish format-standard has-post-thumbnail hentry categorii-produse-usi-blindate\" data-id=\"957\">\r\n\t\t<div class=\"w-grid-item-h\">\r\n\t\t\t\t\t\t<div class=\"w-vwrapper usg_vwrapper_1 align_none valign_top\"><div class=\"w-post-elm post_image usg_post_image_1 stretched\"><a href=\"https:\/\/solutii-securitate-civila.ro\/en\/catalog_produse\/usa-blindata-adaposturi-pt1\/\" aria-label=\"U\u0219\u0103 blindat\u0103 pentru ad\u0103posturi PT-1 (stanga\/dreapta)\"><img loading=\"lazy\" decoding=\"async\" width=\"1058\" height=\"1202\" src=\"https:\/\/solutii-securitate-civila.ro\/wp-content\/uploads\/2023\/04\/PT-1_mit_fester_Schwelle_illu.webp\" class=\"attachment-full size-full wp-post-image\" alt=\"usa blindata\" srcset=\"https:\/\/solutii-securitate-civila.ro\/wp-content\/uploads\/2023\/04\/PT-1_mit_fester_Schwelle_illu.webp 1058w, https:\/\/solutii-securitate-civila.ro\/wp-content\/uploads\/2023\/04\/PT-1_mit_fester_Schwelle_illu-264x300.webp 264w, https:\/\/solutii-securitate-civila.ro\/wp-content\/uploads\/2023\/04\/PT-1_mit_fester_Schwelle_illu-901x1024.webp 901w\" sizes=\"auto, (max-width: 1058px) 100vw, 1058px\" \/><\/a><\/div><h5 class=\"w-post-elm post_title usg_post_title_1 article_title entry-title color_link_inherit\"><a href=\"https:\/\/solutii-securitate-civila.ro\/en\/catalog_produse\/usa-blindata-adaposturi-pt1\/\">U\u0219\u0103 blindat\u0103 pentru ad\u0103posturi PT-1 (stanga\/dreapta)<\/a><\/h5><\/div>\t\t<\/div>\r\n\t<\/article>\r\n\t<article class=\"w-grid-item size_1x1 post-966 catalog_produse type-catalog_produse status-publish format-standard has-post-thumbnail hentry categorii-produse-usi-blindate\" data-id=\"966\">\r\n\t\t<div class=\"w-grid-item-h\">\r\n\t\t\t\t\t\t<div class=\"w-vwrapper usg_vwrapper_1 align_none valign_top\"><div class=\"w-post-elm post_image usg_post_image_1 stretched\"><a href=\"https:\/\/solutii-securitate-civila.ro\/en\/catalog_produse\/usa-blindata-pentru-adaposturi-pt-2\/\" aria-label=\"U\u0219\u0103 blindat\u0103 pentru ad\u0103posturi PT-2 (stanga\/dreapta)\"><img loading=\"lazy\" decoding=\"async\" width=\"1156\" height=\"1170\" src=\"https:\/\/solutii-securitate-civila.ro\/wp-content\/uploads\/2023\/04\/PT-2_mit_fester_Schwelle_illu.webp\" class=\"attachment-full size-full wp-post-image\" alt=\"usa blindata\" srcset=\"https:\/\/solutii-securitate-civila.ro\/wp-content\/uploads\/2023\/04\/PT-2_mit_fester_Schwelle_illu.webp 1156w, https:\/\/solutii-securitate-civila.ro\/wp-content\/uploads\/2023\/04\/PT-2_mit_fester_Schwelle_illu-296x300.webp 296w, https:\/\/solutii-securitate-civila.ro\/wp-content\/uploads\/2023\/04\/PT-2_mit_fester_Schwelle_illu-1012x1024.webp 1012w\" sizes=\"auto, (max-width: 1156px) 100vw, 1156px\" \/><\/a><\/div><h5 class=\"w-post-elm post_title usg_post_title_1 article_title entry-title color_link_inherit\"><a href=\"https:\/\/solutii-securitate-civila.ro\/en\/catalog_produse\/usa-blindata-pentru-adaposturi-pt-2\/\">U\u0219\u0103 blindat\u0103 pentru ad\u0103posturi PT-2 (stanga\/dreapta)<\/a><\/h5><\/div>\t\t<\/div>\r\n\t<\/article>\r\n<\/div><div class=\"w-grid-preloader\"><div class=\"g-preloader type_1\">\r\n\t<div><\/div>\r\n<\/div>\r\n<\/div>\t<div class=\"w-grid-json hidden\" onclick='return {&quot;action&quot;:&quot;us_ajax_grid&quot;,&quot;ajax_url&quot;:&quot;https:\\\/\\\/solutii-securitate-civila.ro\\\/wp-admin\\\/admin-ajax.php&quot;,&quot;infinite_scroll&quot;:0,&quot;max_num_pages&quot;:1,&quot;pagination&quot;:&quot;none&quot;,&quot;permalink_url&quot;:&quot;https:\\\/\\\/solutii-securitate-civila.ro\\\/en\\\/wp-json\\\/wp\\\/v2\\\/pages\\\/1248\\\/&quot;,&quot;template_vars&quot;:{&quot;columns&quot;:&quot;4&quot;,&quot;exclude_items&quot;:&quot;none&quot;,&quot;img_size&quot;:&quot;default&quot;,&quot;ignore_items_size&quot;:0,&quot;items_layout&quot;:&quot;977&quot;,&quot;items_offset&quot;:&quot;1&quot;,&quot;load_animation&quot;:&quot;none&quot;,&quot;overriding_link&quot;:&quot;none&quot;,&quot;post_id&quot;:1248,&quot;query_args&quot;:{&quot;post_type&quot;:[&quot;catalog_produse&quot;],&quot;tax_query&quot;:[{&quot;taxonomy&quot;:&quot;categorii-produse&quot;,&quot;field&quot;:&quot;slug&quot;,&quot;terms&quot;:[&quot;usi-blindate&quot;]}],&quot;post_status&quot;:[&quot;publish&quot;,&quot;acf-disabled&quot;],&quot;posts_per_page&quot;:&quot;30&quot;},&quot;orderby_query_args&quot;:{&quot;orderby&quot;:{&quot;title&quot;:&quot;ASC&quot;},&quot;order&quot;:&quot;ASC&quot;},&quot;type&quot;:&quot;masonry&quot;,&quot;us_grid_ajax_index&quot;:1,&quot;us_grid_filter_params&quot;:null,&quot;us_grid_index&quot;:1,&quot;_us_grid_post_type&quot;:&quot;catalog_produse&quot;,&quot;lang&quot;:&quot;en&quot;}}'><\/div>\r\n\t<\/div><\/div><\/div><\/div><\/div><\/div><\/section>\n","protected":false},"excerpt":{"rendered":"Fabricat conform instruc\u021biunilor tehnice ale Oficiului Federal pentru Protec\u021bie Civil\u0103 FOCP. Format\u0103 din: Corp de u\u0219\u0103 cu profil din o\u021bel cu canal + etan\u0219are din cauciuc \u0219i corp de armare sudat Cleme de blocare deta\u0219abile pe ambele p\u0103r\u021bi \u00cencuietori interioare cu \u0219uruburi de siguran\u021b\u0103 pentru a proteja \u00eempotriva deschiderii accidentale, scurgerii la p\u0103m\u00e2nt, p\u0103m\u00e2ntului \u0219i...","protected":false},"author":1,"featured_media":1179,"parent":1242,"menu_order":1,"comment_status":"closed","ping_status":"closed","template":"","meta":{"footnotes":""},"class_list":["post-1248","page","type-page","status-publish","has-post-thumbnail","hentry"],"acf":[],"yoast_head":"<!-- This site is optimized with the Yoast SEO plugin v20.6 - https:\/\/yoast.com\/wordpress\/plugins\/seo\/ -->\n<title>U\u0219i blindate - Solu\u021bii Securitate Civil\u0103<\/title>\n<meta name=\"robots\" content=\"index, follow, max-snippet:-1, max-image-preview:large, max-video-preview:-1\" \/>\n<link rel=\"canonical\" href=\"https:\/\/solutii-securitate-civila.ro\/en\/produse\/usi-blindate\/\" \/>\n<meta property=\"og:locale\" content=\"en_US\" \/>\n<meta property=\"og:type\" content=\"article\" \/>\n<meta property=\"og:title\" content=\"U\u0219i blindate - Solu\u021bii Securitate Civil\u0103\" \/>\n<meta property=\"og:url\" content=\"https:\/\/solutii-securitate-civila.ro\/en\/produse\/usi-blindate\/\" \/>\n<meta property=\"og:site_name\" content=\"Solu\u021bii Securitate Civil\u0103\" \/>\n<meta property=\"article:modified_time\" content=\"2023-06-29T21:26:50+00:00\" \/>\n<meta property=\"og:image\" content=\"https:\/\/solutii-securitate-civila.ro\/wp-content\/uploads\/2023\/04\/usi-blindate-1.jpg\" \/>\n\t<meta property=\"og:image:width\" content=\"800\" \/>\n\t<meta property=\"og:image:height\" content=\"800\" \/>\n\t<meta property=\"og:image:type\" content=\"image\/jpeg\" \/>\n<meta name=\"twitter:card\" content=\"summary_large_image\" \/>\n<meta name=\"twitter:label1\" content=\"Est. reading time\" \/>\n\t<meta name=\"twitter:data1\" content=\"1 minute\" \/>\n<script type=\"application\/ld+json\" class=\"yoast-schema-graph\">{\"@context\":\"https:\/\/schema.org\",\"@graph\":[{\"@type\":\"WebPage\",\"@id\":\"https:\/\/solutii-securitate-civila.ro\/en\/produse\/usi-blindate\/\",\"url\":\"https:\/\/solutii-securitate-civila.ro\/en\/produse\/usi-blindate\/\",\"name\":\"U\u0219i blindate - Solu\u021bii Securitate Civil\u0103\",\"isPartOf\":{\"@id\":\"https:\/\/solutii-securitate-civila.ro\/#website\"},\"datePublished\":\"2023-04-21T16:40:08+00:00\",\"dateModified\":\"2023-06-29T21:26:50+00:00\",\"breadcrumb\":{\"@id\":\"https:\/\/solutii-securitate-civila.ro\/en\/produse\/usi-blindate\/#breadcrumb\"},\"inLanguage\":\"en-US\",\"potentialAction\":[{\"@type\":\"ReadAction\",\"target\":[\"https:\/\/solutii-securitate-civila.ro\/en\/produse\/usi-blindate\/\"]}]},{\"@type\":\"BreadcrumbList\",\"@id\":\"https:\/\/solutii-securitate-civila.ro\/en\/produse\/usi-blindate\/#breadcrumb\",\"itemListElement\":[{\"@type\":\"ListItem\",\"position\":1,\"name\":\"Prima pagin\u0103\",\"item\":\"https:\/\/solutii-securitate-civila.ro\/en\/solutii-securitate-civila\/\"},{\"@type\":\"ListItem\",\"position\":2,\"name\":\"Produse\",\"item\":\"https:\/\/solutii-securitate-civila.ro\/en\/produse\/\"},{\"@type\":\"ListItem\",\"position\":3,\"name\":\"U\u0219i blindate\"}]},{\"@type\":\"WebSite\",\"@id\":\"https:\/\/solutii-securitate-civila.ro\/#website\",\"url\":\"https:\/\/solutii-securitate-civila.ro\/\",\"name\":\"Solu\u021bii Securitate Civil\u0103\",\"description\":\"\",\"publisher\":{\"@id\":\"https:\/\/solutii-securitate-civila.ro\/#organization\"},\"potentialAction\":[{\"@type\":\"SearchAction\",\"target\":{\"@type\":\"EntryPoint\",\"urlTemplate\":\"https:\/\/solutii-securitate-civila.ro\/?s={search_term_string}\"},\"query-input\":\"required name=search_term_string\"}],\"inLanguage\":\"en-US\"},{\"@type\":\"Organization\",\"@id\":\"https:\/\/solutii-securitate-civila.ro\/#organization\",\"name\":\"Solu\u021bii Securitate Civil\u0103\",\"url\":\"https:\/\/solutii-securitate-civila.ro\/\",\"logo\":{\"@type\":\"ImageObject\",\"inLanguage\":\"en-US\",\"@id\":\"https:\/\/solutii-securitate-civila.ro\/#\/schema\/logo\/image\/\",\"url\":\"https:\/\/solutii-securitate-civila.ro\/wp-content\/uploads\/2023\/04\/logo-ssc.svg\",\"contentUrl\":\"https:\/\/solutii-securitate-civila.ro\/wp-content\/uploads\/2023\/04\/logo-ssc.svg\",\"width\":\"1024\",\"height\":\"1024\",\"caption\":\"Solu\u021bii Securitate Civil\u0103\"},\"image\":{\"@id\":\"https:\/\/solutii-securitate-civila.ro\/#\/schema\/logo\/image\/\"}}]}<\/script>\n<!-- \/ Yoast SEO plugin. -->","yoast_head_json":{"title":"U\u0219i blindate - Solu\u021bii Securitate Civil\u0103","robots":{"index":"index","follow":"follow","max-snippet":"max-snippet:-1","max-image-preview":"max-image-preview:large","max-video-preview":"max-video-preview:-1"},"canonical":"https:\/\/solutii-securitate-civila.ro\/en\/produse\/usi-blindate\/","og_locale":"en_US","og_type":"article","og_title":"U\u0219i blindate - Solu\u021bii Securitate Civil\u0103","og_url":"https:\/\/solutii-securitate-civila.ro\/en\/produse\/usi-blindate\/","og_site_name":"Solu\u021bii Securitate Civil\u0103","article_modified_time":"2023-06-29T21:26:50+00:00","og_image":[{"width":800,"height":800,"url":"https:\/\/solutii-securitate-civila.ro\/wp-content\/uploads\/2023\/04\/usi-blindate-1.jpg","type":"image\/jpeg"}],"twitter_card":"summary_large_image","twitter_misc":{"Est. reading time":"1 minute"},"schema":{"@context":"https:\/\/schema.org","@graph":[{"@type":"WebPage","@id":"https:\/\/solutii-securitate-civila.ro\/en\/produse\/usi-blindate\/","url":"https:\/\/solutii-securitate-civila.ro\/en\/produse\/usi-blindate\/","name":"U\u0219i blindate - Solu\u021bii Securitate Civil\u0103","isPartOf":{"@id":"https:\/\/solutii-securitate-civila.ro\/#website"},"datePublished":"2023-04-21T16:40:08+00:00","dateModified":"2023-06-29T21:26:50+00:00","breadcrumb":{"@id":"https:\/\/solutii-securitate-civila.ro\/en\/produse\/usi-blindate\/#breadcrumb"},"inLanguage":"en-US","potentialAction":[{"@type":"ReadAction","target":["https:\/\/solutii-securitate-civila.ro\/en\/produse\/usi-blindate\/"]}]},{"@type":"BreadcrumbList","@id":"https:\/\/solutii-securitate-civila.ro\/en\/produse\/usi-blindate\/#breadcrumb","itemListElement":[{"@type":"ListItem","position":1,"name":"Prima pagin\u0103","item":"https:\/\/solutii-securitate-civila.ro\/en\/solutii-securitate-civila\/"},{"@type":"ListItem","position":2,"name":"Produse","item":"https:\/\/solutii-securitate-civila.ro\/en\/produse\/"},{"@type":"ListItem","position":3,"name":"U\u0219i blindate"}]},{"@type":"WebSite","@id":"https:\/\/solutii-securitate-civila.ro\/#website","url":"https:\/\/solutii-securitate-civila.ro\/","name":"Solu\u021bii Securitate Civil\u0103","description":"","publisher":{"@id":"https:\/\/solutii-securitate-civila.ro\/#organization"},"potentialAction":[{"@type":"SearchAction","target":{"@type":"EntryPoint","urlTemplate":"https:\/\/solutii-securitate-civila.ro\/?s={search_term_string}"},"query-input":"required name=search_term_string"}],"inLanguage":"en-US"},{"@type":"Organization","@id":"https:\/\/solutii-securitate-civila.ro\/#organization","name":"Solu\u021bii Securitate Civil\u0103","url":"https:\/\/solutii-securitate-civila.ro\/","logo":{"@type":"ImageObject","inLanguage":"en-US","@id":"https:\/\/solutii-securitate-civila.ro\/#\/schema\/logo\/image\/","url":"https:\/\/solutii-securitate-civila.ro\/wp-content\/uploads\/2023\/04\/logo-ssc.svg","contentUrl":"https:\/\/solutii-securitate-civila.ro\/wp-content\/uploads\/2023\/04\/logo-ssc.svg","width":"1024","height":"1024","caption":"Solu\u021bii Securitate Civil\u0103"},"image":{"@id":"https:\/\/solutii-securitate-civila.ro\/#\/schema\/logo\/image\/"}}]}},"_links":{"self":[{"href":"https:\/\/solutii-securitate-civila.ro\/en\/wp-json\/wp\/v2\/pages\/1248","targetHints":{"allow":["GET"]}}],"collection":[{"href":"https:\/\/solutii-securitate-civila.ro\/en\/wp-json\/wp\/v2\/pages"}],"about":[{"href":"https:\/\/solutii-securitate-civila.ro\/en\/wp-json\/wp\/v2\/types\/page"}],"author":[{"embeddable":true,"href":"https:\/\/solutii-securitate-civila.ro\/en\/wp-json\/wp\/v2\/users\/1"}],"replies":[{"embeddable":true,"href":"https:\/\/solutii-securitate-civila.ro\/en\/wp-json\/wp\/v2\/comments?post=1248"}],"version-history":[{"count":1,"href":"https:\/\/solutii-securitate-civila.ro\/en\/wp-json\/wp\/v2\/pages\/1248\/revisions"}],"predecessor-version":[{"id":1249,"href":"https:\/\/solutii-securitate-civila.ro\/en\/wp-json\/wp\/v2\/pages\/1248\/revisions\/1249"}],"up":[{"embeddable":true,"href":"https:\/\/solutii-securitate-civila.ro\/en\/wp-json\/wp\/v2\/pages\/1242"}],"wp:featuredmedia":[{"embeddable":true,"href":"https:\/\/solutii-securitate-civila.ro\/en\/wp-json\/wp\/v2\/media\/1179"}],"wp:attachment":[{"href":"https:\/\/solutii-securitate-civila.ro\/en\/wp-json\/wp\/v2\/media?parent=1248"}],"curies":[{"name":"wp","href":"https:\/\/api.w.org\/{rel}","templated":true}]}}