{"id":1242,"date":"2023-04-21T19:32:59","date_gmt":"2023-04-21T16:32:59","guid":{"rendered":"https:\/\/solutii-securitate-civila.ro\/produse\/"},"modified":"2023-06-30T00:26:34","modified_gmt":"2023-06-29T21:26:34","slug":"produse","status":"publish","type":"page","link":"https:\/\/solutii-securitate-civila.ro\/en\/produse\/","title":{"rendered":"Produse"},"content":{"rendered":"<section class=\"l-section wpb_row height_small\"><div class=\"l-section-h i-cf\"><div class=\"g-cols vc_row via_flex valign_top type_default stacking_default\"><div class=\"vc_col-sm-12 wpb_column vc_column_container\"><div class=\"vc_column-inner\"><div class=\"wpb_wrapper\"><div class=\"w-grid type_grid layout_117 cols_3\" id=\"us_grid_1\" data-filterable=\"true\"><style>#us_grid_1 .w-grid-item{padding:1.5rem}#us_grid_1 .w-grid-list{margin:-1.5rem}.w-grid + #us_grid_1 .w-grid-list,.w-grid-none + #us_grid_1 .w-grid-list{margin-top:1.5rem}@media (max-width:899px){#us_grid_1 .w-grid-item{width:50%}}@media (max-width:599px){#us_grid_1 .w-grid-list{margin:0}#us_grid_1 .w-grid-item{width:100%;padding:0;margin-bottom:1.5rem}}.layout_117 .w-grid-item-h{}.layout_117 .usg_post_image_1{transition-duration:0.3s;transform-origin:50% 50%;transform:scale(1) translate(0%,0%);opacity:0.8}.layout_117 .w-grid-item-h:hover .usg_post_image_1{transform:scale(1) translate(0%,0%);opacity:1}.layout_117 .usg_post_image_1{border-radius:4px!important}.layout_117 .usg_post_title_1{color:#313e5b!important;font-size:1.1rem!important}<\/style><div class=\"w-grid-list\">\t<article class=\"w-grid-item size_1x1 post-1248 page type-page status-publish has-post-thumbnail hentry\" data-id=\"1248\">\r\n\t\t<div class=\"w-grid-item-h\">\r\n\t\t\t\t\t\t<div class=\"w-vwrapper usg_vwrapper_1 align_none valign_top\"><div class=\"w-post-elm post_image usg_post_image_1 stretched\"><a href=\"https:\/\/solutii-securitate-civila.ro\/en\/produse\/usi-blindate\/\" aria-label=\"U\u0219i blindate\"><img loading=\"lazy\" decoding=\"async\" width=\"800\" height=\"800\" src=\"https:\/\/solutii-securitate-civila.ro\/wp-content\/uploads\/2023\/04\/usi-blindate-1.jpg\" class=\"attachment-full size-full wp-post-image\" alt=\"\" srcset=\"https:\/\/solutii-securitate-civila.ro\/wp-content\/uploads\/2023\/04\/usi-blindate-1.jpg 800w, https:\/\/solutii-securitate-civila.ro\/wp-content\/uploads\/2023\/04\/usi-blindate-1-300x300.jpg 300w, https:\/\/solutii-securitate-civila.ro\/wp-content\/uploads\/2023\/04\/usi-blindate-1-150x150.jpg 150w\" sizes=\"auto, (max-width: 800px) 100vw, 800px\" \/><\/a><\/div><h4 class=\"w-post-elm post_title usg_post_title_1 has_text_color align_left entry-title\"><a href=\"https:\/\/solutii-securitate-civila.ro\/en\/produse\/usi-blindate\/\">U\u0219i blindate<\/a><\/h4><\/div>\t\t<\/div>\r\n\t<\/article>\r\n\t<article class=\"w-grid-item size_1x1 post-1250 page type-page status-publish has-post-thumbnail hentry\" data-id=\"1250\">\r\n\t\t<div class=\"w-grid-item-h\">\r\n\t\t\t\t\t\t<div class=\"w-vwrapper usg_vwrapper_1 align_none valign_top\"><div class=\"w-post-elm post_image usg_post_image_1 stretched\"><a href=\"https:\/\/solutii-securitate-civila.ro\/en\/produse\/supape-cu-protectie-anti-explozie\/\" aria-label=\"Supape cu protec\u021bie anti-explozie\"><img loading=\"lazy\" decoding=\"async\" width=\"800\" height=\"800\" src=\"https:\/\/solutii-securitate-civila.ro\/wp-content\/uploads\/2023\/04\/supape-cover.jpg\" class=\"attachment-full size-full wp-post-image\" alt=\"\" srcset=\"https:\/\/solutii-securitate-civila.ro\/wp-content\/uploads\/2023\/04\/supape-cover.jpg 800w, https:\/\/solutii-securitate-civila.ro\/wp-content\/uploads\/2023\/04\/supape-cover-300x300.jpg 300w, https:\/\/solutii-securitate-civila.ro\/wp-content\/uploads\/2023\/04\/supape-cover-150x150.jpg 150w\" sizes=\"auto, (max-width: 800px) 100vw, 800px\" \/><\/a><\/div><h4 class=\"w-post-elm post_title usg_post_title_1 has_text_color align_left entry-title\"><a href=\"https:\/\/solutii-securitate-civila.ro\/en\/produse\/supape-cu-protectie-anti-explozie\/\">Supape cu protec\u021bie anti-explozie<\/a><\/h4><\/div>\t\t<\/div>\r\n\t<\/article>\r\n\t<article class=\"w-grid-item size_1x1 post-1252 page type-page status-publish has-post-thumbnail hentry\" data-id=\"1252\">\r\n\t\t<div class=\"w-grid-item-h\">\r\n\t\t\t\t\t\t<div class=\"w-vwrapper usg_vwrapper_1 align_none valign_top\"><div class=\"w-post-elm post_image usg_post_image_1 stretched\"><a href=\"https:\/\/solutii-securitate-civila.ro\/en\/produse\/sisteme-de-ventilatie-si-filtrare\/\" aria-label=\"Sisteme de ventila\u021bie \u0219i filtrare\"><img loading=\"lazy\" decoding=\"async\" width=\"800\" height=\"800\" src=\"https:\/\/solutii-securitate-civila.ro\/wp-content\/uploads\/2023\/04\/sisteme-ventilatie-cover.jpg\" class=\"attachment-full size-full wp-post-image\" alt=\"\" srcset=\"https:\/\/solutii-securitate-civila.ro\/wp-content\/uploads\/2023\/04\/sisteme-ventilatie-cover.jpg 800w, https:\/\/solutii-securitate-civila.ro\/wp-content\/uploads\/2023\/04\/sisteme-ventilatie-cover-300x300.jpg 300w, https:\/\/solutii-securitate-civila.ro\/wp-content\/uploads\/2023\/04\/sisteme-ventilatie-cover-150x150.jpg 150w\" sizes=\"auto, (max-width: 800px) 100vw, 800px\" \/><\/a><\/div><h4 class=\"w-post-elm post_title usg_post_title_1 has_text_color align_left entry-title\"><a href=\"https:\/\/solutii-securitate-civila.ro\/en\/produse\/sisteme-de-ventilatie-si-filtrare\/\">Sisteme de ventila\u021bie \u0219i filtrare<\/a><\/h4><\/div>\t\t<\/div>\r\n\t<\/article>\r\n\t<article class=\"w-grid-item size_1x1 post-1255 page type-page status-publish has-post-thumbnail hentry\" data-id=\"1255\">\r\n\t\t<div class=\"w-grid-item-h\">\r\n\t\t\t\t\t\t<div class=\"w-vwrapper usg_vwrapper_1 align_none valign_top\"><div class=\"w-post-elm post_image usg_post_image_1 stretched\"><a href=\"https:\/\/solutii-securitate-civila.ro\/en\/produse\/vase-de-toaleta-uscate\/\" aria-label=\"Vase de toalet\u0103 uscate\"><img loading=\"lazy\" decoding=\"async\" width=\"800\" height=\"800\" src=\"https:\/\/solutii-securitate-civila.ro\/wp-content\/uploads\/2023\/04\/toaleta-uscata-cover.jpg\" class=\"attachment-full size-full wp-post-image\" alt=\"\" srcset=\"https:\/\/solutii-securitate-civila.ro\/wp-content\/uploads\/2023\/04\/toaleta-uscata-cover.jpg 800w, https:\/\/solutii-securitate-civila.ro\/wp-content\/uploads\/2023\/04\/toaleta-uscata-cover-300x300.jpg 300w, https:\/\/solutii-securitate-civila.ro\/wp-content\/uploads\/2023\/04\/toaleta-uscata-cover-150x150.jpg 150w\" sizes=\"auto, (max-width: 800px) 100vw, 800px\" \/><\/a><\/div><h4 class=\"w-post-elm post_title usg_post_title_1 has_text_color align_left entry-title\"><a href=\"https:\/\/solutii-securitate-civila.ro\/en\/produse\/vase-de-toaleta-uscate\/\">Vase de toalet\u0103 uscate<\/a><\/h4><\/div>\t\t<\/div>\r\n\t<\/article>\r\n\t<article class=\"w-grid-item size_1x1 post-1257 page type-page status-publish has-post-thumbnail hentry\" data-id=\"1257\">\r\n\t\t<div class=\"w-grid-item-h\">\r\n\t\t\t\t\t\t<div class=\"w-vwrapper usg_vwrapper_1 align_none valign_top\"><div class=\"w-post-elm post_image usg_post_image_1 stretched\"><a href=\"https:\/\/solutii-securitate-civila.ro\/en\/produse\/paturi-supraetajate\/\" aria-label=\"Paturi supraetajate\"><img loading=\"lazy\" decoding=\"async\" width=\"800\" height=\"800\" src=\"https:\/\/solutii-securitate-civila.ro\/wp-content\/uploads\/2023\/04\/bunk-beds.jpg\" class=\"attachment-full size-full wp-post-image\" alt=\"\" srcset=\"https:\/\/solutii-securitate-civila.ro\/wp-content\/uploads\/2023\/04\/bunk-beds.jpg 800w, https:\/\/solutii-securitate-civila.ro\/wp-content\/uploads\/2023\/04\/bunk-beds-300x300.jpg 300w, https:\/\/solutii-securitate-civila.ro\/wp-content\/uploads\/2023\/04\/bunk-beds-150x150.jpg 150w\" sizes=\"auto, (max-width: 800px) 100vw, 800px\" \/><\/a><\/div><h4 class=\"w-post-elm post_title usg_post_title_1 has_text_color align_left entry-title\"><a href=\"https:\/\/solutii-securitate-civila.ro\/en\/produse\/paturi-supraetajate\/\">Paturi supraetajate<\/a><\/h4><\/div>\t\t<\/div>\r\n\t<\/article>\r\n<\/div><div class=\"w-grid-preloader\"><div class=\"g-preloader type_1\">\r\n\t<div><\/div>\r\n<\/div>\r\n<\/div>\t<div class=\"w-grid-json hidden\" onclick='return {&quot;action&quot;:&quot;us_ajax_grid&quot;,&quot;ajax_url&quot;:&quot;https:\\\/\\\/solutii-securitate-civila.ro\\\/wp-admin\\\/admin-ajax.php&quot;,&quot;infinite_scroll&quot;:0,&quot;max_num_pages&quot;:1,&quot;pagination&quot;:&quot;none&quot;,&quot;permalink_url&quot;:&quot;https:\\\/\\\/solutii-securitate-civila.ro\\\/en\\\/wp-json\\\/wp\\\/v2\\\/pages\\\/1242\\\/&quot;,&quot;template_vars&quot;:{&quot;columns&quot;:&quot;3&quot;,&quot;exclude_items&quot;:&quot;none&quot;,&quot;img_size&quot;:&quot;default&quot;,&quot;ignore_items_size&quot;:0,&quot;items_layout&quot;:&quot;117&quot;,&quot;items_offset&quot;:&quot;1&quot;,&quot;load_animation&quot;:&quot;none&quot;,&quot;overriding_link&quot;:&quot;none&quot;,&quot;post_id&quot;:1242,&quot;query_args&quot;:{&quot;post_parent&quot;:1242,&quot;post_type&quot;:&quot;any&quot;,&quot;ignore_sticky_posts&quot;:1,&quot;posts_per_page&quot;:&quot;30&quot;},&quot;orderby_query_args&quot;:{&quot;orderby&quot;:{&quot;menu_order&quot;:&quot;ASC&quot;},&quot;order&quot;:&quot;ASC&quot;},&quot;type&quot;:&quot;grid&quot;,&quot;us_grid_ajax_index&quot;:1,&quot;us_grid_filter_params&quot;:null,&quot;us_grid_index&quot;:1,&quot;_us_grid_post_type&quot;:&quot;current_child_pages&quot;,&quot;lang&quot;:&quot;en&quot;}}'><\/div>\r\n\t<\/div><\/div><\/div><\/div><\/div><\/div><\/section>\n","protected":false},"excerpt":{"rendered":"Sistemul de paturi pe trei niveluri este disponibil cu o saltea robust\u0103 \u00eenclinat\u0103 \u0219i ofer\u0103 avantaje la depozitare: toate componentele fiind depozitate \u00eentr-o singur\u0103 cutie de carton (1950mm x 230mm x 105mm). Cutia ocup\u0103, astfel, foarte pu\u021bin spa\u021biu din ad\u0103post. Cadrul este realizat din profile din o\u021bel foarte solide, u\u0219or de asamblat, omologate pentru utilizare...","protected":false},"author":1,"featured_media":0,"parent":0,"menu_order":0,"comment_status":"closed","ping_status":"closed","template":"","meta":{"footnotes":""},"class_list":["post-1242","page","type-page","status-publish","hentry"],"acf":[],"yoast_head":"<!-- This site is optimized with the Yoast SEO plugin v20.6 - https:\/\/yoast.com\/wordpress\/plugins\/seo\/ -->\n<title>Produse - Solu\u021bii Securitate Civil\u0103<\/title>\n<meta name=\"robots\" content=\"index, follow, max-snippet:-1, max-image-preview:large, max-video-preview:-1\" \/>\n<link rel=\"canonical\" href=\"https:\/\/solutii-securitate-civila.ro\/en\/produse\/\" \/>\n<meta property=\"og:locale\" content=\"en_US\" \/>\n<meta property=\"og:type\" content=\"article\" \/>\n<meta property=\"og:title\" content=\"Produse - Solu\u021bii Securitate Civil\u0103\" \/>\n<meta property=\"og:url\" content=\"https:\/\/solutii-securitate-civila.ro\/en\/produse\/\" \/>\n<meta property=\"og:site_name\" content=\"Solu\u021bii Securitate Civil\u0103\" \/>\n<meta property=\"article:modified_time\" content=\"2023-06-29T21:26:34+00:00\" \/>\n<meta name=\"twitter:card\" content=\"summary_large_image\" \/>\n<script type=\"application\/ld+json\" class=\"yoast-schema-graph\">{\"@context\":\"https:\/\/schema.org\",\"@graph\":[{\"@type\":\"WebPage\",\"@id\":\"https:\/\/solutii-securitate-civila.ro\/en\/produse\/\",\"url\":\"https:\/\/solutii-securitate-civila.ro\/en\/produse\/\",\"name\":\"Produse - Solu\u021bii Securitate Civil\u0103\",\"isPartOf\":{\"@id\":\"https:\/\/solutii-securitate-civila.ro\/#website\"},\"datePublished\":\"2023-04-21T16:32:59+00:00\",\"dateModified\":\"2023-06-29T21:26:34+00:00\",\"breadcrumb\":{\"@id\":\"https:\/\/solutii-securitate-civila.ro\/en\/produse\/#breadcrumb\"},\"inLanguage\":\"en-US\",\"potentialAction\":[{\"@type\":\"ReadAction\",\"target\":[\"https:\/\/solutii-securitate-civila.ro\/en\/produse\/\"]}]},{\"@type\":\"BreadcrumbList\",\"@id\":\"https:\/\/solutii-securitate-civila.ro\/en\/produse\/#breadcrumb\",\"itemListElement\":[{\"@type\":\"ListItem\",\"position\":1,\"name\":\"Prima pagin\u0103\",\"item\":\"https:\/\/solutii-securitate-civila.ro\/en\/solutii-securitate-civila\/\"},{\"@type\":\"ListItem\",\"position\":2,\"name\":\"Produse\"}]},{\"@type\":\"WebSite\",\"@id\":\"https:\/\/solutii-securitate-civila.ro\/#website\",\"url\":\"https:\/\/solutii-securitate-civila.ro\/\",\"name\":\"Solu\u021bii Securitate Civil\u0103\",\"description\":\"\",\"publisher\":{\"@id\":\"https:\/\/solutii-securitate-civila.ro\/#organization\"},\"potentialAction\":[{\"@type\":\"SearchAction\",\"target\":{\"@type\":\"EntryPoint\",\"urlTemplate\":\"https:\/\/solutii-securitate-civila.ro\/?s={search_term_string}\"},\"query-input\":\"required name=search_term_string\"}],\"inLanguage\":\"en-US\"},{\"@type\":\"Organization\",\"@id\":\"https:\/\/solutii-securitate-civila.ro\/#organization\",\"name\":\"Solu\u021bii Securitate Civil\u0103\",\"url\":\"https:\/\/solutii-securitate-civila.ro\/\",\"logo\":{\"@type\":\"ImageObject\",\"inLanguage\":\"en-US\",\"@id\":\"https:\/\/solutii-securitate-civila.ro\/#\/schema\/logo\/image\/\",\"url\":\"https:\/\/solutii-securitate-civila.ro\/wp-content\/uploads\/2023\/04\/logo-ssc.svg\",\"contentUrl\":\"https:\/\/solutii-securitate-civila.ro\/wp-content\/uploads\/2023\/04\/logo-ssc.svg\",\"width\":\"1024\",\"height\":\"1024\",\"caption\":\"Solu\u021bii Securitate Civil\u0103\"},\"image\":{\"@id\":\"https:\/\/solutii-securitate-civila.ro\/#\/schema\/logo\/image\/\"}}]}<\/script>\n<!-- \/ Yoast SEO plugin. -->","yoast_head_json":{"title":"Produse - Solu\u021bii Securitate Civil\u0103","robots":{"index":"index","follow":"follow","max-snippet":"max-snippet:-1","max-image-preview":"max-image-preview:large","max-video-preview":"max-video-preview:-1"},"canonical":"https:\/\/solutii-securitate-civila.ro\/en\/produse\/","og_locale":"en_US","og_type":"article","og_title":"Produse - Solu\u021bii Securitate Civil\u0103","og_url":"https:\/\/solutii-securitate-civila.ro\/en\/produse\/","og_site_name":"Solu\u021bii Securitate Civil\u0103","article_modified_time":"2023-06-29T21:26:34+00:00","twitter_card":"summary_large_image","schema":{"@context":"https:\/\/schema.org","@graph":[{"@type":"WebPage","@id":"https:\/\/solutii-securitate-civila.ro\/en\/produse\/","url":"https:\/\/solutii-securitate-civila.ro\/en\/produse\/","name":"Produse - Solu\u021bii Securitate Civil\u0103","isPartOf":{"@id":"https:\/\/solutii-securitate-civila.ro\/#website"},"datePublished":"2023-04-21T16:32:59+00:00","dateModified":"2023-06-29T21:26:34+00:00","breadcrumb":{"@id":"https:\/\/solutii-securitate-civila.ro\/en\/produse\/#breadcrumb"},"inLanguage":"en-US","potentialAction":[{"@type":"ReadAction","target":["https:\/\/solutii-securitate-civila.ro\/en\/produse\/"]}]},{"@type":"BreadcrumbList","@id":"https:\/\/solutii-securitate-civila.ro\/en\/produse\/#breadcrumb","itemListElement":[{"@type":"ListItem","position":1,"name":"Prima pagin\u0103","item":"https:\/\/solutii-securitate-civila.ro\/en\/solutii-securitate-civila\/"},{"@type":"ListItem","position":2,"name":"Produse"}]},{"@type":"WebSite","@id":"https:\/\/solutii-securitate-civila.ro\/#website","url":"https:\/\/solutii-securitate-civila.ro\/","name":"Solu\u021bii Securitate Civil\u0103","description":"","publisher":{"@id":"https:\/\/solutii-securitate-civila.ro\/#organization"},"potentialAction":[{"@type":"SearchAction","target":{"@type":"EntryPoint","urlTemplate":"https:\/\/solutii-securitate-civila.ro\/?s={search_term_string}"},"query-input":"required name=search_term_string"}],"inLanguage":"en-US"},{"@type":"Organization","@id":"https:\/\/solutii-securitate-civila.ro\/#organization","name":"Solu\u021bii Securitate Civil\u0103","url":"https:\/\/solutii-securitate-civila.ro\/","logo":{"@type":"ImageObject","inLanguage":"en-US","@id":"https:\/\/solutii-securitate-civila.ro\/#\/schema\/logo\/image\/","url":"https:\/\/solutii-securitate-civila.ro\/wp-content\/uploads\/2023\/04\/logo-ssc.svg","contentUrl":"https:\/\/solutii-securitate-civila.ro\/wp-content\/uploads\/2023\/04\/logo-ssc.svg","width":"1024","height":"1024","caption":"Solu\u021bii Securitate Civil\u0103"},"image":{"@id":"https:\/\/solutii-securitate-civila.ro\/#\/schema\/logo\/image\/"}}]}},"_links":{"self":[{"href":"https:\/\/solutii-securitate-civila.ro\/en\/wp-json\/wp\/v2\/pages\/1242","targetHints":{"allow":["GET"]}}],"collection":[{"href":"https:\/\/solutii-securitate-civila.ro\/en\/wp-json\/wp\/v2\/pages"}],"about":[{"href":"https:\/\/solutii-securitate-civila.ro\/en\/wp-json\/wp\/v2\/types\/page"}],"author":[{"embeddable":true,"href":"https:\/\/solutii-securitate-civila.ro\/en\/wp-json\/wp\/v2\/users\/1"}],"replies":[{"embeddable":true,"href":"https:\/\/solutii-securitate-civila.ro\/en\/wp-json\/wp\/v2\/comments?post=1242"}],"version-history":[{"count":3,"href":"https:\/\/solutii-securitate-civila.ro\/en\/wp-json\/wp\/v2\/pages\/1242\/revisions"}],"predecessor-version":[{"id":1245,"href":"https:\/\/solutii-securitate-civila.ro\/en\/wp-json\/wp\/v2\/pages\/1242\/revisions\/1245"}],"wp:attachment":[{"href":"https:\/\/solutii-securitate-civila.ro\/en\/wp-json\/wp\/v2\/media?parent=1242"}],"curies":[{"name":"wp","href":"https:\/\/api.w.org\/{rel}","templated":true}]}}