{"id":1229,"date":"2022-11-25T12:00:33","date_gmt":"2022-11-25T10:00:33","guid":{"rendered":"https:\/\/solutii-securitate-civila.ro\/contact\/"},"modified":"2023-06-30T00:24:46","modified_gmt":"2023-06-29T21:24:46","slug":"contact","status":"publish","type":"page","link":"https:\/\/solutii-securitate-civila.ro\/en\/contact\/","title":{"rendered":"Contact"},"content":{"rendered":"<section class=\"l-section wpb_row height_small\"><div class=\"l-section-h i-cf\"><div class=\"g-cols vc_row via_flex valign_top type_default stacking_default\"><div class=\"vc_col-sm-8 wpb_column vc_column_container\"><div class=\"vc_column-inner us_custom_2f999528\"><div class=\"wpb_wrapper\"><div class=\"wpforms-container wpforms-form-abandonment\" id=\"wpforms-242\"><form id=\"wpforms-form-242\" class=\"wpforms-validate wpforms-form wpforms-ajax-form\" data-formid=\"242\" method=\"post\" enctype=\"multipart\/form-data\" action=\"\/en\/wp-json\/wp\/v2\/pages\/1229\" data-token=\"1c3824229a3b17c022ebcbf500119407\"><noscript class=\"wpforms-error-noscript\">Please enable JavaScript in your browser to complete this form.<\/noscript><div class=\"wpforms-field-container\"><div id=\"wpforms-242-field_0-container\" class=\"wpforms-field wpforms-field-name\" data-field-id=\"0\"><label class=\"wpforms-field-label\" for=\"wpforms-242-field_0\">Nume <span class=\"wpforms-required-label\">*<\/span><\/label><input type=\"text\" id=\"wpforms-242-field_0\" class=\"wpforms-field-large wpforms-field-required\" name=\"wpforms[fields][0]\" required><\/div><div id=\"wpforms-242-field_1-container\" class=\"wpforms-field wpforms-field-email\" data-field-id=\"1\"><label class=\"wpforms-field-label\" for=\"wpforms-242-field_1\">Email <span class=\"wpforms-required-label\">*<\/span><\/label><input type=\"email\" id=\"wpforms-242-field_1\" class=\"wpforms-field-large wpforms-field-required\" name=\"wpforms[fields][1]\" spellcheck=\"false\" required><\/div><div id=\"wpforms-242-field_4-container\" class=\"wpforms-field wpforms-field-phone\" data-field-id=\"4\"><label class=\"wpforms-field-label\" for=\"wpforms-242-field_4\">Telefon<\/label><input type=\"tel\" id=\"wpforms-242-field_4\" class=\"wpforms-field-large\" data-rule-int-phone-field=\"true\" name=\"wpforms[fields][4]\" ><\/div><div id=\"wpforms-242-field_3-container\" class=\"wpforms-field wpforms-field-text\" data-field-id=\"3\"><label class=\"wpforms-field-label\" for=\"wpforms-242-field_3\">Subiect <span class=\"wpforms-required-label\">*<\/span><\/label><input type=\"text\" id=\"wpforms-242-field_3\" class=\"wpforms-field-large wpforms-field-required\" name=\"wpforms[fields][3]\" required><\/div><div id=\"wpforms-242-field_2-container\" class=\"wpforms-field wpforms-field-textarea\" data-field-id=\"2\"><label class=\"wpforms-field-label\" for=\"wpforms-242-field_2\">Mesaj <span class=\"wpforms-required-label\">*<\/span><\/label><textarea id=\"wpforms-242-field_2\" class=\"wpforms-field-medium wpforms-field-required wpforms-limit-characters-enabled\" data-form-id=\"242\" data-field-id=\"2\" data-text-limit=\"1000\" name=\"wpforms[fields][2]\" maxlength=\"1000\" required><\/textarea><\/div><div id=\"wpforms-242-field_5-container\" class=\"wpforms-field wpforms-field-gdpr-checkbox\" data-field-id=\"5\"><label class=\"wpforms-field-label\" for=\"wpforms-242-field_5\">Acord GDPR <span class=\"wpforms-required-label\">*<\/span><\/label><ul id=\"wpforms-242-field_5\" class=\"wpforms-field-required\"><li class=\"choice-1\"><input type=\"checkbox\" id=\"wpforms-242-field_5_1\" name=\"wpforms[fields][5][]\" value=\"Sunt de acord ca Solu\u021bii Securitate Civil\u0103 s\u0103-mi stocheze datele personale \u00een vederea comunic\u0103rilor electronice.\" required ><label class=\"wpforms-field-label-inline\" for=\"wpforms-242-field_5_1\">Sunt de acord ca Solu\u021bii Securitate Civil\u0103 s\u0103-mi stocheze datele personale \u00een vederea comunic\u0103rilor electronice.<\/label><\/li><\/ul><\/div><\/div><!-- .wpforms-field-container --><div class=\"wpforms-submit-container\" ><input type=\"hidden\" name=\"wpforms[id]\" value=\"242\"><input type=\"hidden\" name=\"wpforms[author]\" value=\"1\"><button type=\"submit\" name=\"wpforms[submit]\" id=\"wpforms-submit-242\" class=\"wpforms-submit\" data-alt-text=\"Se proceseaz\u0103 ...\" data-submit-text=\"Trimite mesajul\" aria-live=\"assertive\" value=\"wpforms-submit\">Trimite mesajul<\/button><img loading=\"lazy\" decoding=\"async\" src=\"https:\/\/solutii-securitate-civila.ro\/wp-content\/plugins\/wpforms\/assets\/images\/submit-spin.svg\" class=\"wpforms-submit-spinner\" style=\"display: none;\" width=\"26\" height=\"26\" alt=\"Loading\"><\/div><\/form><\/div>  <!-- .wpforms-container --><\/div><\/div><\/div><div class=\"vc_col-sm-4 wpb_column vc_column_container\"><div class=\"vc_column-inner type_sticky\"><div class=\"wpb_wrapper\" style=\"top:150px\"><div class=\"wpb_text_column us_custom_2dbf7b3f\"><div class=\"wpb_wrapper\"><h3>Solu\u021bii Securitate Civil\u0103<\/h3>\n<p>Str. Amiral Constantin B\u0103lescu 13, Sector 1<br \/>\n11953 Bucure\u0219ti, Rom\u00e2nia (<a href=\"https:\/\/www.google.com\/maps\/place\/Strada+Amiral+Constantin+B%C4%83lescu+13,+Bucure%C8%99ti\/@44.4660099,26.0876534,17z\/data=!3m1!4b1!4m13!1m7!3m6!1s0x40b2020e620230e9:0x7c5666aab961f501!2sStrada+Amiral+Constantin+B%C4%83lescu+13,+Bucure%C8%99ti!3b1!8m2!3d44.4660099!4d26.0898421!3m4!1s0x40b2020e620230e9:0x7c5666aab961f501!8m2!3d44.4660099!4d26.0898421\">Open in Google Maps<\/a>)<\/p>\n<p>Email: office@solutii-securitate-civila.ro<\/p>\n<p>V\u00e2nz\u0103ri: <a href=\"tel:0040724318742\">+40 724 318 742<\/a><br \/>\nSuport tehnic \u0219i consultan\u021b\u0103 ad\u0103posturi: <a href=\"tel:0040723310410\">+40 723 310 410<\/a><\/p>\n<\/div><\/div><\/div><\/div><\/div><\/div><\/div><\/section>\n","protected":false},"excerpt":{"rendered":"Please enable JavaScript in your browser to complete this form.Nume *Email *TelefonSubiect *Mesaj *Acord GDPR *Sunt de acord ca Solu\u021bii Securitate Civil\u0103 s\u0103-mi stocheze datele personale \u00een vederea comunic\u0103rilor electronice.Trimite mesajul Solu\u021bii Securitate Civil\u0103 Str. Amiral Constantin B\u0103lescu 13, Sector 1 11953 Bucure\u0219ti, Rom\u00e2nia (Open in Google Maps) Email: office@solutii-securitate-civila.ro V\u00e2nz\u0103ri: +40 724 318 742...","protected":false},"author":1,"featured_media":0,"parent":0,"menu_order":0,"comment_status":"closed","ping_status":"closed","template":"","meta":{"footnotes":""},"class_list":["post-1229","page","type-page","status-publish","hentry"],"acf":[],"yoast_head":"<!-- This site is optimized with the Yoast SEO plugin v20.6 - https:\/\/yoast.com\/wordpress\/plugins\/seo\/ -->\n<title>Contact - Solu\u021bii Securitate Civil\u0103<\/title>\n<meta name=\"robots\" content=\"index, follow, max-snippet:-1, max-image-preview:large, max-video-preview:-1\" \/>\n<link rel=\"canonical\" href=\"https:\/\/solutii-securitate-civila.ro\/en\/contact\/\" \/>\n<meta property=\"og:locale\" content=\"en_US\" \/>\n<meta property=\"og:type\" content=\"article\" \/>\n<meta property=\"og:title\" content=\"Contact - Solu\u021bii Securitate Civil\u0103\" \/>\n<meta property=\"og:url\" content=\"https:\/\/solutii-securitate-civila.ro\/en\/contact\/\" \/>\n<meta property=\"og:site_name\" content=\"Solu\u021bii Securitate Civil\u0103\" \/>\n<meta property=\"article:modified_time\" content=\"2023-06-29T21:24:46+00:00\" \/>\n<meta name=\"twitter:card\" content=\"summary_large_image\" \/>\n<meta name=\"twitter:label1\" content=\"Est. reading time\" \/>\n\t<meta name=\"twitter:data1\" content=\"1 minute\" \/>\n<script type=\"application\/ld+json\" class=\"yoast-schema-graph\">{\"@context\":\"https:\/\/schema.org\",\"@graph\":[{\"@type\":\"WebPage\",\"@id\":\"https:\/\/solutii-securitate-civila.ro\/en\/contact\/\",\"url\":\"https:\/\/solutii-securitate-civila.ro\/en\/contact\/\",\"name\":\"Contact - Solu\u021bii Securitate Civil\u0103\",\"isPartOf\":{\"@id\":\"https:\/\/solutii-securitate-civila.ro\/#website\"},\"datePublished\":\"2022-11-25T10:00:33+00:00\",\"dateModified\":\"2023-06-29T21:24:46+00:00\",\"breadcrumb\":{\"@id\":\"https:\/\/solutii-securitate-civila.ro\/en\/contact\/#breadcrumb\"},\"inLanguage\":\"en-US\",\"potentialAction\":[{\"@type\":\"ReadAction\",\"target\":[\"https:\/\/solutii-securitate-civila.ro\/en\/contact\/\"]}]},{\"@type\":\"BreadcrumbList\",\"@id\":\"https:\/\/solutii-securitate-civila.ro\/en\/contact\/#breadcrumb\",\"itemListElement\":[{\"@type\":\"ListItem\",\"position\":1,\"name\":\"Prima pagin\u0103\",\"item\":\"https:\/\/solutii-securitate-civila.ro\/en\/solutii-securitate-civila\/\"},{\"@type\":\"ListItem\",\"position\":2,\"name\":\"Contact\"}]},{\"@type\":\"WebSite\",\"@id\":\"https:\/\/solutii-securitate-civila.ro\/#website\",\"url\":\"https:\/\/solutii-securitate-civila.ro\/\",\"name\":\"Solu\u021bii Securitate Civil\u0103\",\"description\":\"\",\"publisher\":{\"@id\":\"https:\/\/solutii-securitate-civila.ro\/#organization\"},\"potentialAction\":[{\"@type\":\"SearchAction\",\"target\":{\"@type\":\"EntryPoint\",\"urlTemplate\":\"https:\/\/solutii-securitate-civila.ro\/?s={search_term_string}\"},\"query-input\":\"required name=search_term_string\"}],\"inLanguage\":\"en-US\"},{\"@type\":\"Organization\",\"@id\":\"https:\/\/solutii-securitate-civila.ro\/#organization\",\"name\":\"Solu\u021bii Securitate Civil\u0103\",\"url\":\"https:\/\/solutii-securitate-civila.ro\/\",\"logo\":{\"@type\":\"ImageObject\",\"inLanguage\":\"en-US\",\"@id\":\"https:\/\/solutii-securitate-civila.ro\/#\/schema\/logo\/image\/\",\"url\":\"https:\/\/solutii-securitate-civila.ro\/wp-content\/uploads\/2023\/04\/logo-ssc.svg\",\"contentUrl\":\"https:\/\/solutii-securitate-civila.ro\/wp-content\/uploads\/2023\/04\/logo-ssc.svg\",\"width\":\"1024\",\"height\":\"1024\",\"caption\":\"Solu\u021bii Securitate Civil\u0103\"},\"image\":{\"@id\":\"https:\/\/solutii-securitate-civila.ro\/#\/schema\/logo\/image\/\"}}]}<\/script>\n<!-- \/ Yoast SEO plugin. -->","yoast_head_json":{"title":"Contact - Solu\u021bii Securitate Civil\u0103","robots":{"index":"index","follow":"follow","max-snippet":"max-snippet:-1","max-image-preview":"max-image-preview:large","max-video-preview":"max-video-preview:-1"},"canonical":"https:\/\/solutii-securitate-civila.ro\/en\/contact\/","og_locale":"en_US","og_type":"article","og_title":"Contact - Solu\u021bii Securitate Civil\u0103","og_url":"https:\/\/solutii-securitate-civila.ro\/en\/contact\/","og_site_name":"Solu\u021bii Securitate Civil\u0103","article_modified_time":"2023-06-29T21:24:46+00:00","twitter_card":"summary_large_image","twitter_misc":{"Est. reading time":"1 minute"},"schema":{"@context":"https:\/\/schema.org","@graph":[{"@type":"WebPage","@id":"https:\/\/solutii-securitate-civila.ro\/en\/contact\/","url":"https:\/\/solutii-securitate-civila.ro\/en\/contact\/","name":"Contact - Solu\u021bii Securitate Civil\u0103","isPartOf":{"@id":"https:\/\/solutii-securitate-civila.ro\/#website"},"datePublished":"2022-11-25T10:00:33+00:00","dateModified":"2023-06-29T21:24:46+00:00","breadcrumb":{"@id":"https:\/\/solutii-securitate-civila.ro\/en\/contact\/#breadcrumb"},"inLanguage":"en-US","potentialAction":[{"@type":"ReadAction","target":["https:\/\/solutii-securitate-civila.ro\/en\/contact\/"]}]},{"@type":"BreadcrumbList","@id":"https:\/\/solutii-securitate-civila.ro\/en\/contact\/#breadcrumb","itemListElement":[{"@type":"ListItem","position":1,"name":"Prima pagin\u0103","item":"https:\/\/solutii-securitate-civila.ro\/en\/solutii-securitate-civila\/"},{"@type":"ListItem","position":2,"name":"Contact"}]},{"@type":"WebSite","@id":"https:\/\/solutii-securitate-civila.ro\/#website","url":"https:\/\/solutii-securitate-civila.ro\/","name":"Solu\u021bii Securitate Civil\u0103","description":"","publisher":{"@id":"https:\/\/solutii-securitate-civila.ro\/#organization"},"potentialAction":[{"@type":"SearchAction","target":{"@type":"EntryPoint","urlTemplate":"https:\/\/solutii-securitate-civila.ro\/?s={search_term_string}"},"query-input":"required name=search_term_string"}],"inLanguage":"en-US"},{"@type":"Organization","@id":"https:\/\/solutii-securitate-civila.ro\/#organization","name":"Solu\u021bii Securitate Civil\u0103","url":"https:\/\/solutii-securitate-civila.ro\/","logo":{"@type":"ImageObject","inLanguage":"en-US","@id":"https:\/\/solutii-securitate-civila.ro\/#\/schema\/logo\/image\/","url":"https:\/\/solutii-securitate-civila.ro\/wp-content\/uploads\/2023\/04\/logo-ssc.svg","contentUrl":"https:\/\/solutii-securitate-civila.ro\/wp-content\/uploads\/2023\/04\/logo-ssc.svg","width":"1024","height":"1024","caption":"Solu\u021bii Securitate Civil\u0103"},"image":{"@id":"https:\/\/solutii-securitate-civila.ro\/#\/schema\/logo\/image\/"}}]}},"_links":{"self":[{"href":"https:\/\/solutii-securitate-civila.ro\/en\/wp-json\/wp\/v2\/pages\/1229","targetHints":{"allow":["GET"]}}],"collection":[{"href":"https:\/\/solutii-securitate-civila.ro\/en\/wp-json\/wp\/v2\/pages"}],"about":[{"href":"https:\/\/solutii-securitate-civila.ro\/en\/wp-json\/wp\/v2\/types\/page"}],"author":[{"embeddable":true,"href":"https:\/\/solutii-securitate-civila.ro\/en\/wp-json\/wp\/v2\/users\/1"}],"replies":[{"embeddable":true,"href":"https:\/\/solutii-securitate-civila.ro\/en\/wp-json\/wp\/v2\/comments?post=1229"}],"version-history":[{"count":2,"href":"https:\/\/solutii-securitate-civila.ro\/en\/wp-json\/wp\/v2\/pages\/1229\/revisions"}],"predecessor-version":[{"id":1231,"href":"https:\/\/solutii-securitate-civila.ro\/en\/wp-json\/wp\/v2\/pages\/1229\/revisions\/1231"}],"wp:attachment":[{"href":"https:\/\/solutii-securitate-civila.ro\/en\/wp-json\/wp\/v2\/media?parent=1229"}],"curies":[{"name":"wp","href":"https:\/\/api.w.org\/{rel}","templated":true}]}}