{"id":1215,"date":"2023-05-29T10:48:08","date_gmt":"2023-05-29T07:48:08","guid":{"rendered":"https:\/\/solutii-securitate-civila.ro\/adapostul-nuclear-civil-o-constructie-in-care-merita-sa-investesti-in-anul-2023\/"},"modified":"2023-06-30T00:22:45","modified_gmt":"2023-06-29T21:22:45","slug":"adapostul-nuclear-civil-o-constructie-in-care-merita-sa-investesti-in-anul-2023","status":"publish","type":"page","link":"https:\/\/solutii-securitate-civila.ro\/en\/adapostul-nuclear-civil-o-constructie-in-care-merita-sa-investesti-in-anul-2023\/","title":{"rendered":"Ad\u0103postul nuclear civil &#8211; o construc\u021bie \u00een care merit\u0103 s\u0103 investe\u0219ti \u00een anul 2023"},"content":{"rendered":"<section class=\"l-section wpb_row height_small\"><div class=\"l-section-h i-cf\"><div class=\"g-cols vc_row via_flex valign_top type_default stacking_default\"><div class=\"vc_col-sm-6 wpb_column vc_column_container\"><div class=\"vc_column-inner\"><div class=\"wpb_wrapper\"><div class=\"wpb_text_column\"><div class=\"wpb_wrapper\"><p><span style=\"font-weight: 400;\">Ad\u0103posturile nucleare civile sunt structuri proiectate pentru a proteja oamenii de radia\u021biile unui atac nuclear. \u00centr-un context global tensionat, aceste ad\u0103posturi r\u0103m\u00e2n relevante pentru a asigura supravie\u021buirea uman\u0103 \u00een fa\u021ba unei poten\u021biale catastrofe nucleare. <\/span><\/p>\n<p><span style=\"font-weight: 400;\">Construite pentru a rezista exploziilor \u0219i pentru a preveni p\u0103trunderea radia\u021biilor, aceste construc\u021bii ofer\u0103 un refugiu sigur \u0219i resurse suficiente p\u00e2n\u0103 c\u00e2nd nivelul radia\u021biilor exterioare se reduce suficient \u0219i po\u021bi fi \u00een siguran\u021b\u0103 \u00eempreun\u0103 cu cei dragi.<\/span><\/p>\n<h2><span style=\"font-weight: 400;\">Ce sunt ad\u0103posturile nucleare civile<\/span><\/h2>\n<p><span style=\"font-weight: 400;\">Ad\u0103posturile nucleare civile sunt construc\u021bii special proiectate cu scopul de a proteja oamenii \u00een cazul unei explozii nucleare sau a altui eveniment radioactiv. Ele sunt concepute pentru a \u00eendeplini trei sarcini principale: <\/span><\/p>\n<ul>\n<li aria-level=\"1\"><b>s\u0103 reziste la impactul direct al unei explozii nucleare;<\/b><\/li>\n<\/ul>\n<ul>\n<li aria-level=\"1\"><b>s\u0103 blocheze radia\u021biile ionizante;<\/b><\/li>\n<\/ul>\n<ul>\n<li aria-level=\"1\"><b>s\u0103 filtreze aerul contaminat.<\/b><\/li>\n<\/ul>\n<p><span style=\"font-weight: 400;\">Aceste ad\u0103posturi au cunoscut un v\u00e2rf al popularit\u0103\u021bii \u00een timpul R\u0103zboiului Rece, c\u00e2nd amenin\u021barea nuclear\u0103 era perceput\u0103 ca fiind iminent\u0103. Au fost construite \u00een diverse forme \u0219i m\u0103rimi, variind de la structuri subterane masive, p\u00e2n\u0103 la camere izolate \u00een cadrul locuin\u021belor private.<\/span><\/p>\n<p><span style=\"font-weight: 400;\">Ast\u0103zi venim \u00een \u00eent\u00e2mpinarea ta cu ad\u0103posturi nucleare pentru utilizare privat\u0103. Acestea pot fi personalizate \u00een func\u021bie de nevoile specifice pe care le ai, inclusiv dimensiunea, durata de autosuficien\u021b\u0103 (num\u0103rul de zile pentru care pot fi stocate alimente, ap\u0103 \u0219i alte provizii) \u0219i nivelul de protec\u021bie \u00eempotriva radia\u021biilor.<\/span><\/p>\n<p><span style=\"font-weight: 400;\">Aceste ad\u0103posturi pot fi instalate subteran, \u00een curtea unei locuin\u021be private, sau pot fi integrate \u00een construc\u021bia unei noi case. Ele pot fi proiectate pentru a ar\u0103ta ca o camer\u0103 obi\u0219nuit\u0103 din cas\u0103 sau pot fi complet ascunse.<\/span><\/p>\n<h2><span style=\"font-weight: 400;\">Cum sunt construite aceste ad\u0103posturi civile din locuin\u021be<\/span><\/h2>\n<p><b>Construc\u021bia unor ad\u0103posturi civile <\/b><span style=\"font-weight: 400;\">poate varia \u00een func\u021bie de designul \u0219i specifica\u021biile fiec\u0103rei structuri. \u00ce\u021bi vom oferi \u00een continuare o descriere general\u0103 a procesului de construc\u021bie \u0219i a elementelor comune utilizate \u00een astfel de ad\u0103posturi:<\/span><\/p>\n<ul>\n<li style=\"font-weight: 400;\" aria-level=\"1\"><b>Funda\u021bie \u0219i structur\u0103 rezistent\u0103<\/b><span style=\"font-weight: 400;\">: Ad\u0103posturile nucleare civile sunt construite pe o funda\u021bie solid\u0103, care poate fi realizat\u0103 din beton armat sau alte materiale rezistente. Aceasta asigur\u0103 stabilitatea \u0219i durabilitatea ad\u0103postului \u00een timp.<\/span><\/li>\n<li style=\"font-weight: 400;\" aria-level=\"1\"><b>Pere\u021bi \u0219i plafoane groase<\/b><span style=\"font-weight: 400;\">: Ad\u0103posturile nucleare civile sunt construite cu pere\u021bi \u0219i plafoane groase, realizate din materiale rezistente, precum betonul armat sau pl\u0103ci de o\u021bel. Acestea sunt concepute pentru a oferi protec\u021bie \u00eempotriva radia\u021biilor \u0219i a impactului \u00een cazul unei explozii.<\/span><\/li>\n<li style=\"font-weight: 400;\" aria-level=\"1\"><b>Izolare \u0219i impermeabilizare<\/b><span style=\"font-weight: 400;\">: Pentru a preveni trecerea radia\u021biilor \u0219i a apei \u00een ad\u0103post, sunt utilizate materiale de izolare \u0219i impermeabilizare speciale. Acestea pot include straturi de materiale rezistente la radia\u021bii \u0219i membrane impermeabile pentru a men\u021bine un mediu sigur \u00een interiorul ad\u0103postului.<\/span><\/li>\n<li style=\"font-weight: 400;\" aria-level=\"1\"><b>Sisteme de ventila\u021bie \u0219i filtrare a aerului<\/b><span style=\"font-weight: 400;\">: Pentru a asigura un mediu respirabil, ad\u0103posturile nucleare civile sunt echipate cu sisteme de ventila\u021bie \u0219i filtrare a aerului. Aceste sisteme pot include filtre speciale pentru a elimina particulele radioactive \u0219i alte impurit\u0103\u021bi din aerul exterior.<\/span><\/li>\n<li style=\"font-weight: 400;\" aria-level=\"1\"><b>Provizii \u0219i facilit\u0103\u021bi<\/b><span style=\"font-weight: 400;\">: Ad\u0103posturile nucleare civile pot fi echipate cu facilit\u0103\u021bi \u0219i provizii necesare pentru supravie\u021buirea pe o perioad\u0103 limitat\u0103. Acestea pot include depozite de alimente, rezervoare de ap\u0103, facilit\u0103\u021bi sanitare \u0219i spa\u021bii de dormit.<\/span><\/li>\n<\/ul>\n<p><span style=\"font-weight: 400;\">Este important s\u0103 men\u021bion\u0103m c\u0103 <\/span><b>fiecare ad\u0103post nuclear civil poate avea specifica\u021bii \u0219i caracteristici unice<\/b><span style=\"font-weight: 400;\">, \u00een func\u021bie de nevoile \u0219i resursele disponibile. Construirea acestor ad\u0103posturi necesit\u0103 expertiz\u0103 \u0219i cuno\u0219tin\u021be specializate \u00een domeniu pentru a asigura siguran\u021ba \u0219i eficien\u021ba lor \u00een caz de urgen\u021b\u0103, iar noi asta \u00ee\u021bi putem oferi.<\/span><\/p>\n<\/div><\/div><\/div><\/div><\/div><div class=\"vc_col-sm-6 wpb_column vc_column_container\"><div class=\"vc_column-inner\"><div class=\"wpb_wrapper\"><div class=\"w-image us_custom_50cc7d67 align_none\"><a href=\"https:\/\/solutii-securitate-civila.ro\/wp-content\/uploads\/2023\/06\/sistem-ventilatie-buncar.jpg\" ref=\"magnificPopup\" aria-label=\"Link\" class=\"w-image-h\"><img loading=\"lazy\" decoding=\"async\" width=\"1600\" height=\"1600\" src=\"https:\/\/solutii-securitate-civila.ro\/wp-content\/uploads\/2023\/06\/sistem-ventilatie-buncar.jpg\" class=\"attachment-full size-full\" alt=\"\" srcset=\"https:\/\/solutii-securitate-civila.ro\/wp-content\/uploads\/2023\/06\/sistem-ventilatie-buncar.jpg 1600w, https:\/\/solutii-securitate-civila.ro\/wp-content\/uploads\/2023\/06\/sistem-ventilatie-buncar-300x300.jpg 300w, https:\/\/solutii-securitate-civila.ro\/wp-content\/uploads\/2023\/06\/sistem-ventilatie-buncar-1024x1024.jpg 1024w, https:\/\/solutii-securitate-civila.ro\/wp-content\/uploads\/2023\/06\/sistem-ventilatie-buncar-150x150.jpg 150w\" sizes=\"auto, (max-width: 1600px) 100vw, 1600px\" \/><\/a><\/div><div class=\"wpb_text_column\"><div class=\"wpb_wrapper\"><h2><span style=\"font-weight: 400;\">Beneficiile ad\u0103posturilor nucleare civile<\/span><\/h2>\n<p><span style=\"font-weight: 400;\">Aceste structuri impresionante vin cu o mul\u021bime de beneficii pe care trebuie s\u0103 le cuno\u0219ti:<\/span><\/p>\n<ul>\n<li style=\"font-weight: 400;\" aria-level=\"1\"><b>Te protejeaz\u0103 \u00eempotriva radia\u021biilor<\/b><span style=\"font-weight: 400;\">: Scopul principal al unui ad\u0103post nuclear este de a te proteja \u00eempotriva radia\u021biilor periculoase provenite de la o explozie nuclear\u0103. Acesta este proiectat pentru a bloca radia\u021biile externe \u0219i a filtra aerul de particulele radioactive.<\/span><\/li>\n<li style=\"font-weight: 400;\" aria-level=\"1\"><b>\u00ce\u021bi ofer\u0103 siguran\u021b\u0103 \u00een situa\u021bii de criz\u0103<\/b><span style=\"font-weight: 400;\">: Pe l\u00e2ng\u0103 protec\u021bia \u00eempotriva atacurilor nucleare, ad\u0103postul poate fi un refugiu sigur \u00een cazul unor dezastre naturale, cum ar fi tornade sau cutremure.<\/span><\/li>\n<li style=\"font-weight: 400;\" aria-level=\"1\"><b>Te sus\u021bine \u00een a fi autosuficient<\/b><span style=\"font-weight: 400;\">: Ad\u0103posturile nucleare sunt, de obicei, dotate cu provizii de alimente, ap\u0103 \u0219i medicamente pentru a te ajuta s\u0103 supravie\u021buie\u0219ti pe o perioad\u0103 de timp. Unele au chiar \u0219i facilit\u0103\u021bi pentru tratamentul apei \u0219i generarea de energie.<\/span><\/li>\n<li style=\"font-weight: 400;\" aria-level=\"1\"><b>Te protejeaz\u0103 \u00eempotriva conflictelor armate<\/b><span style=\"font-weight: 400;\">: \u00cen cazul unui conflict armat care nu implic\u0103 arme nucleare, un ad\u0103post poate oferi un grad de protec\u021bie \u00eempotriva bombardamentelor \u0219i a altor forme de violen\u021b\u0103.<\/span><\/li>\n<li style=\"font-weight: 400;\" aria-level=\"1\"><b>\u00ce\u021bi ofer\u0103 pacea min\u021bii<\/b><span style=\"font-weight: 400;\">: De\u0219i nimeni nu dore\u0219te s\u0103 se confrunte cu o situa\u021bie care necesit\u0103 utilizarea unui ad\u0103post nuclear, existen\u021ba unuia poate oferi o anumit\u0103 lini\u0219te mental\u0103. A \u0219ti c\u0103 ai un plan \u00een caz de urgen\u021b\u0103 poate reduce anxietatea asociat\u0103 cu incertitudinea global\u0103.<\/span><\/li>\n<\/ul>\n<p><span style=\"font-weight: 400;\">Este important s\u0103 \u00een\u021belegi c\u0103, de\u0219i ad\u0103posturile nucleare pot oferi protec\u021bie \u0219i siguran\u021b\u0103 \u00een situa\u021bii de urgen\u021b\u0103, acestea nu elimin\u0103 nevoia de a lucra pentru prevenirea conflictelor \u0219i pentru reducerea amenin\u021b\u0103rilor nucleare la nivel mondial.<\/span><\/p>\n<h2><span style=\"font-weight: 400;\">Este \u00eentr-adev\u0103r nevoie de ad\u0103posturi civile nucleare?<\/span><\/h2>\n<p><span style=\"font-weight: 400;\">R\u0103spunsul la aceast\u0103 \u00eentrebare depinde \u00een mare m\u0103sur\u0103 de perspectiv\u0103. Ad\u0103posturile nucleare civile au fost ini\u021bial concepute \u00een perioada R\u0103zboiului Rece, c\u00e2nd amenin\u021barea unui conflict nuclear era considerat\u0103 semnificativ\u0103. \u00cen prezent, multe dintre aceste ad\u0103posturi au r\u0103mas ca memento-uri ale unei ere tensionate, \u00een timp ce altele continu\u0103 s\u0103 fie \u00eentre\u021binute sau chiar construite.<\/span><\/p>\n<p><span style=\"font-weight: 400;\">Exist\u0103 persoane care consider\u0103 c\u0103 ad\u0103posturile nucleare civile sunt necesare chiar \u0219i \u00een prezent, datorit\u0103 posibilit\u0103\u021bii, oric\u00e2t de reduse, a unui conflict nuclear. \u00centr-adev\u0103r, \u00een anumite regiuni tensionate ale lumii, aceast\u0103 amenin\u021bare poate fi mai prezent\u0103. Acestea fiind zise, mul\u021bi apeleaz\u0103 la noi pentru a beneficia de ad\u0103posturi pe care s\u0103 le instaleze \u00een locuin\u021be.<\/span><\/p>\n<p><span style=\"font-weight: 400;\">Pe de alt\u0103 parte, sunt \u0219i cei care v\u0103d ad\u0103posturile nucleare ca pe o investi\u021bie inutil\u0103 sau chiar contraproductiv\u0103, baz\u00e2ndu-se pe ideea c\u0103 prevenirea conflictelor nucleare ar trebui s\u0103 fie prioritatea principal\u0103, mai degrab\u0103 dec\u00e2t preg\u0103tirea pentru consecin\u021bele unui astfel de conflict. De asemenea, unii argumenteaz\u0103 c\u0103 resursele ar fi mai bine cheltuite \u00een domeniul s\u0103n\u0103t\u0103\u021bii publice, educa\u021biei sau altor arii care contribuie la bun\u0103starea general\u0103 a societ\u0103\u021bii. Dar, aceste aspecte nu \u00ee\u021bi asigur\u0103 protec\u021bie \u00een cazul unui dezastru.<\/span><\/p>\n<p><span style=\"font-weight: 400;\">Analizeaz\u0103 bine situa\u021bia, iar dac\u0103 bine\u00een\u021beles ai resursele financiare necesare, alege \u00een primul r\u00e2nd siguran\u021ba ta \u0219i a familiei tale. <\/span><\/p>\n<h2><span style=\"font-weight: 400;\">C\u00e2t de scump\u0103 este o astfel de investi\u021bie<\/span><\/h2>\n<p><span style=\"font-weight: 400;\">Costurile unui ad\u0103post nuclear civil pot varia mai ales \u00een func\u021bie de dimensiuni. Cu c\u00e2t alegi o suprafa\u021b\u0103 mai mare, cu at\u00e2t va trebui s\u0103 pl\u0103te\u0219ti mai mult. Ad\u0103posturile sunt realizate de regul\u0103 pentru grupuri mari de oameni (spre deosebire de bunc\u0103re), iar costurile se stabilesc nu doar \u00een func\u021bie de dimensiuni, ci \u0219i de facilit\u0103\u021bile dorite \u0219i alte detalii pe care \u021bi le punem la dispozi\u021bie.<\/span><\/p>\n<p><span style=\"font-weight: 400;\">Existen\u021ba \u0219i necesitatea adaposturilor nucleare civile subliniaz\u0103 faptul c\u0103 amenin\u021barea nuclear\u0103, oric\u00e2t de redus\u0103 ar fi, persist\u0103. <\/span><\/p>\n<p><span style=\"font-weight: 400;\">\u00cen cele din urm\u0103, alegerea de a investi \u00eentr-un ad\u0103post nuclear este una personal\u0103 \u0219i depinde de evaluarea individual\u0103 a riscului \u0219i de considerentele financiare. \u00centr-o lume ideal\u0103, nu ar exista nevoia de astfel de ad\u0103posturi, dar p\u00e2n\u0103 atunci, acestea r\u0103m\u00e2n o m\u0103sur\u0103 de precau\u021bie pentru cei care doresc un nivel suplimentar de securitate.<\/span><\/p>\n<p><span style=\"font-weight: 400;\">Pentru oferte, detalii \u0219i tot felul de informa\u021bii utile, contacteaz\u0103-ne!<\/span><\/p>\n<\/div><\/div><\/div><\/div><\/div><\/div><\/div><\/section>\n","protected":false},"excerpt":{"rendered":"Ad\u0103posturile nucleare civile sunt structuri proiectate pentru a proteja oamenii de radia\u021biile unui atac nuclear. \u00centr-un context global tensionat, aceste ad\u0103posturi r\u0103m\u00e2n relevante pentru a asigura supravie\u021buirea uman\u0103 \u00een fa\u021ba unei poten\u021biale catastrofe nucleare. Construite pentru a rezista exploziilor \u0219i pentru a preveni p\u0103trunderea radia\u021biilor, aceste construc\u021bii ofer\u0103 un refugiu sigur \u0219i resurse suficiente p\u00e2n\u0103...","protected":false},"author":1,"featured_media":1213,"parent":0,"menu_order":0,"comment_status":"closed","ping_status":"closed","template":"","meta":{"footnotes":""},"class_list":["post-1215","page","type-page","status-publish","has-post-thumbnail","hentry"],"acf":[],"yoast_head":"<!-- This site is optimized with the Yoast SEO plugin v20.6 - https:\/\/yoast.com\/wordpress\/plugins\/seo\/ -->\n<title>Ad\u0103postul nuclear civil - o construc\u021bie \u00een care merit\u0103 s\u0103 investe\u0219ti \u00een anul 2023 - Solu\u021bii Securitate Civil\u0103<\/title>\n<meta name=\"robots\" content=\"index, follow, max-snippet:-1, max-image-preview:large, max-video-preview:-1\" \/>\n<link rel=\"canonical\" href=\"https:\/\/solutii-securitate-civila.ro\/en\/adapostul-nuclear-civil-o-constructie-in-care-merita-sa-investesti-in-anul-2023\/\" \/>\n<meta property=\"og:locale\" content=\"en_US\" \/>\n<meta property=\"og:type\" content=\"article\" \/>\n<meta property=\"og:title\" content=\"Ad\u0103postul nuclear civil - o construc\u021bie \u00een care merit\u0103 s\u0103 investe\u0219ti \u00een anul 2023 - Solu\u021bii Securitate Civil\u0103\" \/>\n<meta property=\"og:url\" content=\"https:\/\/solutii-securitate-civila.ro\/en\/adapostul-nuclear-civil-o-constructie-in-care-merita-sa-investesti-in-anul-2023\/\" \/>\n<meta property=\"og:site_name\" content=\"Solu\u021bii Securitate Civil\u0103\" \/>\n<meta property=\"article:modified_time\" content=\"2023-06-29T21:22:45+00:00\" \/>\n<meta property=\"og:image\" content=\"https:\/\/solutii-securitate-civila.ro\/wp-content\/uploads\/2023\/06\/sistem-ventilatie-buncar.jpg\" \/>\n\t<meta property=\"og:image:width\" content=\"1600\" \/>\n\t<meta property=\"og:image:height\" content=\"1600\" \/>\n\t<meta property=\"og:image:type\" content=\"image\/jpeg\" \/>\n<meta name=\"twitter:card\" content=\"summary_large_image\" \/>\n<meta name=\"twitter:label1\" content=\"Est. reading time\" \/>\n\t<meta name=\"twitter:data1\" content=\"7 minutes\" \/>\n<script type=\"application\/ld+json\" class=\"yoast-schema-graph\">{\"@context\":\"https:\/\/schema.org\",\"@graph\":[{\"@type\":\"WebPage\",\"@id\":\"https:\/\/solutii-securitate-civila.ro\/en\/adapostul-nuclear-civil-o-constructie-in-care-merita-sa-investesti-in-anul-2023\/\",\"url\":\"https:\/\/solutii-securitate-civila.ro\/en\/adapostul-nuclear-civil-o-constructie-in-care-merita-sa-investesti-in-anul-2023\/\",\"name\":\"Ad\u0103postul nuclear civil - o construc\u021bie \u00een care merit\u0103 s\u0103 investe\u0219ti \u00een anul 2023 - Solu\u021bii Securitate Civil\u0103\",\"isPartOf\":{\"@id\":\"https:\/\/solutii-securitate-civila.ro\/#website\"},\"datePublished\":\"2023-05-29T07:48:08+00:00\",\"dateModified\":\"2023-06-29T21:22:45+00:00\",\"breadcrumb\":{\"@id\":\"https:\/\/solutii-securitate-civila.ro\/en\/adapostul-nuclear-civil-o-constructie-in-care-merita-sa-investesti-in-anul-2023\/#breadcrumb\"},\"inLanguage\":\"en-US\",\"potentialAction\":[{\"@type\":\"ReadAction\",\"target\":[\"https:\/\/solutii-securitate-civila.ro\/en\/adapostul-nuclear-civil-o-constructie-in-care-merita-sa-investesti-in-anul-2023\/\"]}]},{\"@type\":\"BreadcrumbList\",\"@id\":\"https:\/\/solutii-securitate-civila.ro\/en\/adapostul-nuclear-civil-o-constructie-in-care-merita-sa-investesti-in-anul-2023\/#breadcrumb\",\"itemListElement\":[{\"@type\":\"ListItem\",\"position\":1,\"name\":\"Prima pagin\u0103\",\"item\":\"https:\/\/solutii-securitate-civila.ro\/en\/solutii-securitate-civila\/\"},{\"@type\":\"ListItem\",\"position\":2,\"name\":\"Ad\u0103postul nuclear civil &#8211; o construc\u021bie \u00een care merit\u0103 s\u0103 investe\u0219ti \u00een anul 2023\"}]},{\"@type\":\"WebSite\",\"@id\":\"https:\/\/solutii-securitate-civila.ro\/#website\",\"url\":\"https:\/\/solutii-securitate-civila.ro\/\",\"name\":\"Solu\u021bii Securitate Civil\u0103\",\"description\":\"\",\"publisher\":{\"@id\":\"https:\/\/solutii-securitate-civila.ro\/#organization\"},\"potentialAction\":[{\"@type\":\"SearchAction\",\"target\":{\"@type\":\"EntryPoint\",\"urlTemplate\":\"https:\/\/solutii-securitate-civila.ro\/?s={search_term_string}\"},\"query-input\":\"required name=search_term_string\"}],\"inLanguage\":\"en-US\"},{\"@type\":\"Organization\",\"@id\":\"https:\/\/solutii-securitate-civila.ro\/#organization\",\"name\":\"Solu\u021bii Securitate Civil\u0103\",\"url\":\"https:\/\/solutii-securitate-civila.ro\/\",\"logo\":{\"@type\":\"ImageObject\",\"inLanguage\":\"en-US\",\"@id\":\"https:\/\/solutii-securitate-civila.ro\/#\/schema\/logo\/image\/\",\"url\":\"https:\/\/solutii-securitate-civila.ro\/wp-content\/uploads\/2023\/04\/logo-ssc.svg\",\"contentUrl\":\"https:\/\/solutii-securitate-civila.ro\/wp-content\/uploads\/2023\/04\/logo-ssc.svg\",\"width\":\"1024\",\"height\":\"1024\",\"caption\":\"Solu\u021bii Securitate Civil\u0103\"},\"image\":{\"@id\":\"https:\/\/solutii-securitate-civila.ro\/#\/schema\/logo\/image\/\"}}]}<\/script>\n<!-- \/ Yoast SEO plugin. -->","yoast_head_json":{"title":"Ad\u0103postul nuclear civil - o construc\u021bie \u00een care merit\u0103 s\u0103 investe\u0219ti \u00een anul 2023 - Solu\u021bii Securitate Civil\u0103","robots":{"index":"index","follow":"follow","max-snippet":"max-snippet:-1","max-image-preview":"max-image-preview:large","max-video-preview":"max-video-preview:-1"},"canonical":"https:\/\/solutii-securitate-civila.ro\/en\/adapostul-nuclear-civil-o-constructie-in-care-merita-sa-investesti-in-anul-2023\/","og_locale":"en_US","og_type":"article","og_title":"Ad\u0103postul nuclear civil - o construc\u021bie \u00een care merit\u0103 s\u0103 investe\u0219ti \u00een anul 2023 - Solu\u021bii Securitate Civil\u0103","og_url":"https:\/\/solutii-securitate-civila.ro\/en\/adapostul-nuclear-civil-o-constructie-in-care-merita-sa-investesti-in-anul-2023\/","og_site_name":"Solu\u021bii Securitate Civil\u0103","article_modified_time":"2023-06-29T21:22:45+00:00","og_image":[{"width":1600,"height":1600,"url":"https:\/\/solutii-securitate-civila.ro\/wp-content\/uploads\/2023\/06\/sistem-ventilatie-buncar.jpg","type":"image\/jpeg"}],"twitter_card":"summary_large_image","twitter_misc":{"Est. reading time":"7 minutes"},"schema":{"@context":"https:\/\/schema.org","@graph":[{"@type":"WebPage","@id":"https:\/\/solutii-securitate-civila.ro\/en\/adapostul-nuclear-civil-o-constructie-in-care-merita-sa-investesti-in-anul-2023\/","url":"https:\/\/solutii-securitate-civila.ro\/en\/adapostul-nuclear-civil-o-constructie-in-care-merita-sa-investesti-in-anul-2023\/","name":"Ad\u0103postul nuclear civil - o construc\u021bie \u00een care merit\u0103 s\u0103 investe\u0219ti \u00een anul 2023 - Solu\u021bii Securitate Civil\u0103","isPartOf":{"@id":"https:\/\/solutii-securitate-civila.ro\/#website"},"datePublished":"2023-05-29T07:48:08+00:00","dateModified":"2023-06-29T21:22:45+00:00","breadcrumb":{"@id":"https:\/\/solutii-securitate-civila.ro\/en\/adapostul-nuclear-civil-o-constructie-in-care-merita-sa-investesti-in-anul-2023\/#breadcrumb"},"inLanguage":"en-US","potentialAction":[{"@type":"ReadAction","target":["https:\/\/solutii-securitate-civila.ro\/en\/adapostul-nuclear-civil-o-constructie-in-care-merita-sa-investesti-in-anul-2023\/"]}]},{"@type":"BreadcrumbList","@id":"https:\/\/solutii-securitate-civila.ro\/en\/adapostul-nuclear-civil-o-constructie-in-care-merita-sa-investesti-in-anul-2023\/#breadcrumb","itemListElement":[{"@type":"ListItem","position":1,"name":"Prima pagin\u0103","item":"https:\/\/solutii-securitate-civila.ro\/en\/solutii-securitate-civila\/"},{"@type":"ListItem","position":2,"name":"Ad\u0103postul nuclear civil &#8211; o construc\u021bie \u00een care merit\u0103 s\u0103 investe\u0219ti \u00een anul 2023"}]},{"@type":"WebSite","@id":"https:\/\/solutii-securitate-civila.ro\/#website","url":"https:\/\/solutii-securitate-civila.ro\/","name":"Solu\u021bii Securitate Civil\u0103","description":"","publisher":{"@id":"https:\/\/solutii-securitate-civila.ro\/#organization"},"potentialAction":[{"@type":"SearchAction","target":{"@type":"EntryPoint","urlTemplate":"https:\/\/solutii-securitate-civila.ro\/?s={search_term_string}"},"query-input":"required name=search_term_string"}],"inLanguage":"en-US"},{"@type":"Organization","@id":"https:\/\/solutii-securitate-civila.ro\/#organization","name":"Solu\u021bii Securitate Civil\u0103","url":"https:\/\/solutii-securitate-civila.ro\/","logo":{"@type":"ImageObject","inLanguage":"en-US","@id":"https:\/\/solutii-securitate-civila.ro\/#\/schema\/logo\/image\/","url":"https:\/\/solutii-securitate-civila.ro\/wp-content\/uploads\/2023\/04\/logo-ssc.svg","contentUrl":"https:\/\/solutii-securitate-civila.ro\/wp-content\/uploads\/2023\/04\/logo-ssc.svg","width":"1024","height":"1024","caption":"Solu\u021bii Securitate Civil\u0103"},"image":{"@id":"https:\/\/solutii-securitate-civila.ro\/#\/schema\/logo\/image\/"}}]}},"_links":{"self":[{"href":"https:\/\/solutii-securitate-civila.ro\/en\/wp-json\/wp\/v2\/pages\/1215","targetHints":{"allow":["GET"]}}],"collection":[{"href":"https:\/\/solutii-securitate-civila.ro\/en\/wp-json\/wp\/v2\/pages"}],"about":[{"href":"https:\/\/solutii-securitate-civila.ro\/en\/wp-json\/wp\/v2\/types\/page"}],"author":[{"embeddable":true,"href":"https:\/\/solutii-securitate-civila.ro\/en\/wp-json\/wp\/v2\/users\/1"}],"replies":[{"embeddable":true,"href":"https:\/\/solutii-securitate-civila.ro\/en\/wp-json\/wp\/v2\/comments?post=1215"}],"version-history":[{"count":2,"href":"https:\/\/solutii-securitate-civila.ro\/en\/wp-json\/wp\/v2\/pages\/1215\/revisions"}],"predecessor-version":[{"id":1217,"href":"https:\/\/solutii-securitate-civila.ro\/en\/wp-json\/wp\/v2\/pages\/1215\/revisions\/1217"}],"wp:featuredmedia":[{"embeddable":true,"href":"https:\/\/solutii-securitate-civila.ro\/en\/wp-json\/wp\/v2\/media\/1213"}],"wp:attachment":[{"href":"https:\/\/solutii-securitate-civila.ro\/en\/wp-json\/wp\/v2\/media?parent=1215"}],"curies":[{"name":"wp","href":"https:\/\/api.w.org\/{rel}","templated":true}]}}